{"id":4087,"date":"2023-04-12T18:57:27","date_gmt":"2023-04-12T16:57:27","guid":{"rendered":"https:\/\/shasheem-cosmetics.de\/versandarten\/"},"modified":"2023-04-18T17:18:31","modified_gmt":"2023-04-18T15:18:31","slug":"versandarten","status":"publish","type":"page","link":"http:\/\/shasheem-cosmetics.de\/es\/versandarten\/","title":{"rendered":"M\u00e9todos de env\u00edo"},"content":{"rendered":"<div class=\"wpb-content-wrapper\"><div  class=\"sec_row container\"><div class=\"vc_row wpb_row vc_row-fluid\"><div class=\"wpb_column vc_column_container vc_col-sm-12 et-dark-column\"><div class=\"vc_column-inner\"><div class=\"wpb_wrapper\">\n\t<div class=\"wpb_text_column wpb_content_element\" >\n\t\t<div class=\"wpb_wrapper\">\n\t\t\t<div class=\"elementor-section elementor-top-section elementor-element elementor-element-54353a7 elementor-section-boxed elementor-section-height-default elementor-section-height-default\" data-id=\"54353a7\" data-element_type=\"section\">\n<div class=\"elementor-container elementor-column-gap-default\">\n<div class=\"elementor-column elementor-col-100 elementor-top-column elementor-element elementor-element-bea674d\" data-id=\"bea674d\" data-element_type=\"column\">\n<div class=\"elementor-widget-wrap elementor-element-populated\">\n<div class=\"elementor-element elementor-element-850beee elementor-widget elementor-widget-text-editor\" data-id=\"850beee\" data-element_type=\"widget\" data-widget_type=\"text-editor.default\">\n<div class=\"elementor-widget-container\">\n<h3>Vorauskasse \u2013 \u00dcberweisung<\/h3>\n<p>Nach Abschluss Ihrer Bestellung erhalten Sie unsere Bankdaten f\u00fcr die \u00dcberweisung per E-Mail zugeschickt. Bitte achten Sie deshalb besonders darauf, dass die von Ihnen angegebene E-Mail-Adresse korrekt ist.<\/p>\n<h3>PayPal <strong>(nur bei vorhandenem PayPal-Konto m\u00f6glich)<\/strong><\/h3>\n<p>Sie zahlen im Bestellvorgang \u00fcber Ihr vorhandenes PayPal-Konto. Zur Zahlungsabwicklung werden Sie auf die PayPal-Seite weitergeleitet. Beachten Sie, dass eine Lieferung nur an Ihre bei PayPal hinterlegte Adresse m\u00f6glich ist.<\/p>\n<\/div>\n<\/div>\n<\/div>\n<\/div>\n<\/div>\n<\/div>\n<div class=\"elementor-section elementor-top-section elementor-element elementor-element-fba16ee elementor-section-boxed elementor-section-height-default elementor-section-height-default\" data-id=\"fba16ee\" data-element_type=\"section\">\n<div class=\"elementor-container elementor-column-gap-default\">\n<div class=\"elementor-column elementor-col-100 elementor-top-column elementor-element elementor-element-c49a2e6\" data-id=\"c49a2e6\" data-element_type=\"column\">\n<div class=\"elementor-widget-wrap elementor-element-populated\">\n<div class=\"elementor-element elementor-element-eb91947 elementor-widget elementor-widget-heading\" data-id=\"eb91947\" data-element_type=\"widget\" data-widget_type=\"heading.default\">\n<div class=\"elementor-widget-container\"><\/div>\n<\/div>\n<\/div>\n<\/div>\n<\/div>\n<\/div>\n<div class=\"elementor-section elementor-top-section elementor-element elementor-element-3bdff21 elementor-section-boxed elementor-section-height-default elementor-section-height-default\" data-id=\"3bdff21\" data-element_type=\"section\">\n<div class=\"elementor-container elementor-column-gap-default\">\n<div class=\"elementor-column elementor-col-100 elementor-top-column elementor-element elementor-element-b8c736f\" data-id=\"b8c736f\" data-element_type=\"column\">\n<div class=\"elementor-widget-wrap elementor-element-populated\">\n<div class=\"elementor-element elementor-element-e356749 elementor-widget elementor-widget-text-editor\" data-id=\"e356749\" data-element_type=\"widget\" data-widget_type=\"text-editor.default\">\n<div class=\"elementor-widget-container\">\n<p>Unsere DHL Versandkosten sind abh\u00e4ngig vom bestellten Warenwert und dem Land, in das die Ware geliefert werden soll. Bei Lieferungen innerhalb von Deutschland k\u00f6nnen Sie auch eine DHL-Packstation als Versandadresse angeben.<\/p>\n<h3>KOSTENLOSE Lieferung innerhalb von Deutschland<\/h3>\n<h3>bei einer Lieferung nach Belgien, D\u00e4nemark, Finnland, Frankreich (au\u00dfer Guadeloupe, Martinique, Franz\u00f6sische-Guayana, Reunion), Gro\u00dfbritannien (au\u00dfer Kanalinseln Jersey, Guernsey), Irland, Italien (au\u00dfer Livigno, San Marino, Vatikanstadt), Luxemburg, Monaco, Niederlande, \u00d6sterreich, Polen, Portugal (au\u00dfer Azoren, Madeira), Schweden, Spanien (au\u00dfer Ceuta, Lanzarote, Fuerteventura, Gran Canaria, Teneriffa, La Gomera, La Palma, El Hierro, Melilla)<\/h3>\n<p>Warenwert bis 49,99 EUR \u2013 Versandkosten 14,25 EUR*<br \/>\nWarenwert ab 50,00 EUR \u2013 Versandkosten 10,25 EUR*<\/p>\n<\/div>\n<\/div>\n<\/div>\n<\/div>\n<\/div>\n<\/div>\n\n\t\t<\/div>\n\t<\/div>\n<\/div><\/div><\/div><\/div><\/div>\n<\/div>","protected":false},"excerpt":{"rendered":"Vorauskasse \u2013 \u00dcberweisung Nach Abschluss Ihrer Bestellung erhalten Sie unsere Bankdaten f\u00fcr die \u00dcberweisung per E-Mail zugeschickt. Bitte achten Sie deshalb besonders darauf, dass die von Ihnen angegebene E-Mail-Adresse korrekt ist. PayPal (nur bei vorhandenem PayPal-Konto m\u00f6glich) Sie zahlen im Bestellvorgang \u00fcber Ihr vorhandenes PayPal-Konto. Zur Zahlungsabwicklung werden Sie auf [...]","protected":false},"author":1,"featured_media":0,"parent":0,"menu_order":0,"comment_status":"closed","ping_status":"closed","template":"","meta":{"footnotes":""},"class_list":["post-4087","page","type-page","status-publish","hentry"],"_links":{"self":[{"href":"http:\/\/shasheem-cosmetics.de\/es\/wp-json\/wp\/v2\/pages\/4087","targetHints":{"allow":["GET"]}}],"collection":[{"href":"http:\/\/shasheem-cosmetics.de\/es\/wp-json\/wp\/v2\/pages"}],"about":[{"href":"http:\/\/shasheem-cosmetics.de\/es\/wp-json\/wp\/v2\/types\/page"}],"author":[{"embeddable":true,"href":"http:\/\/shasheem-cosmetics.de\/es\/wp-json\/wp\/v2\/users\/1"}],"replies":[{"embeddable":true,"href":"http:\/\/shasheem-cosmetics.de\/es\/wp-json\/wp\/v2\/comments?post=4087"}],"version-history":[{"count":0,"href":"http:\/\/shasheem-cosmetics.de\/es\/wp-json\/wp\/v2\/pages\/4087\/revisions"}],"wp:attachment":[{"href":"http:\/\/shasheem-cosmetics.de\/es\/wp-json\/wp\/v2\/media?parent=4087"}],"curies":[{"name":"wp","href":"https:\/\/api.w.org\/{rel}","templated":true}]}}