{"id":4569,"date":"2024-03-11T05:06:56","date_gmt":"2024-03-11T04:06:56","guid":{"rendered":"https:\/\/shasheem-cosmetics.de\/?post_type=product&#038;p=4569"},"modified":"2024-12-05T13:41:09","modified_gmt":"2024-12-05T12:41:09","slug":"firming-shea-nut-body-butter-ocean","status":"publish","type":"product","link":"http:\/\/shasheem-cosmetics.de\/es\/firming-shea-nut-body-butter-ocean\/","title":{"rendered":"Firming Shea nut body butter ocean"},"content":{"rendered":"<div class=\"woocommerce-product-details__short-description\"><span class=\"tlid-translation translation\" lang=\"de\"><span class=\"\" title=\"\">MANTECA CORPORAL DE KARIT\u00c9<\/span><\/span><\/div>\n<div class=\"woocommerce-product-details__short-description\">\n<p><span title=\"\">Para todos los tipos de piel<\/span><\/p>\n<p><span class=\"\" title=\"\">Nutre la piel seca o escamosa con el poder del lactato de sodio ultrahidratante y los ingredientes bot\u00e1nicos naturales.<\/span><\/p>\n<p><span class=\"\" title=\"\">La rica f\u00f3rmula hidrata el cuerpo mientras trata la hiperpigmentaci\u00f3n y los trastornos de pigmentaci\u00f3n.<\/span><\/p>\n<p><span class=\"\" title=\"\">Se absorbe f\u00e1cilmente y deja la piel suave y tersa.<\/span><\/p>\n<p><span class=\"\" title=\"\">Minimiza las l\u00edneas y arrugas y nutre la piel combatiendo los radicales libres, dejando la piel con un aspecto joven y fresco.<\/span><\/p>\n<p><span title=\"\">Contiene aceite de coco para reafirmar el tejido y eliminar las c\u00e9lulas cansadas de la superficie de la piel, mientras que el aceite de soja reduce las manchas y la decoloraci\u00f3n al igualar la apariencia del pigmento en la superficie de la piel.<\/span><\/p>\n<p><strong>La manteca de karit\u00e9 ObeyYourBody<\/strong>\u00a0para todo tipo de piel proporciona una rica hidrataci\u00f3n para una piel suave y flexible, no es grasa, reduce las estr\u00edas y es rica en vitamina E en combinaci\u00f3n con minerales del Mar Muerto.<\/p>\n<p>Aplicar preferentemente despu\u00e9s del ba\u00f1o o la ducha.<\/p>\n<p><span title=\"\">EL TRATAMIENTO INTENSIVO RENUEVA LA PIEL PARA UNA APARIENCIA JOVEN Y RADIANTE<\/span><\/p>\n<\/div>","protected":false},"excerpt":{"rendered":"<p><strong style=\"color: #ff9900; font-size: 14px;\">Art\u00edculo de nueva colecci\u00f3n.<\/strong><\/p>","protected":false},"featured_media":4581,"template":"","meta":[],"product_brand":[],"product_cat":[101,104,109,111,136],"product_tag":[],"class_list":{"0":"post-4569","1":"product","2":"type-product","3":"status-publish","4":"has-post-thumbnail","6":"product_cat-behandlungssets","7":"product_cat-empfindliche-haut","8":"product_cat-koerperpflege","9":"product_cat-mineraux-collection","10":"product_cat-obeyyourbody","12":"first","13":"instock","14":"sale","15":"taxable","16":"shipping-taxable","17":"purchasable","18":"product-type-simple"},"_links":{"self":[{"href":"http:\/\/shasheem-cosmetics.de\/es\/wp-json\/wp\/v2\/product\/4569","targetHints":{"allow":["GET"]}}],"collection":[{"href":"http:\/\/shasheem-cosmetics.de\/es\/wp-json\/wp\/v2\/product"}],"about":[{"href":"http:\/\/shasheem-cosmetics.de\/es\/wp-json\/wp\/v2\/types\/product"}],"wp:featuredmedia":[{"embeddable":true,"href":"http:\/\/shasheem-cosmetics.de\/es\/wp-json\/wp\/v2\/media\/4581"}],"wp:attachment":[{"href":"http:\/\/shasheem-cosmetics.de\/es\/wp-json\/wp\/v2\/media?parent=4569"}],"wp:term":[{"taxonomy":"product_brand","embeddable":true,"href":"http:\/\/shasheem-cosmetics.de\/es\/wp-json\/wp\/v2\/product_brand?post=4569"},{"taxonomy":"product_cat","embeddable":true,"href":"http:\/\/shasheem-cosmetics.de\/es\/wp-json\/wp\/v2\/product_cat?post=4569"},{"taxonomy":"product_tag","embeddable":true,"href":"http:\/\/shasheem-cosmetics.de\/es\/wp-json\/wp\/v2\/product_tag?post=4569"}],"curies":[{"name":"wp","href":"https:\/\/api.w.org\/{rel}","templated":true}]}}