{"id":4576,"date":"2024-03-11T05:13:21","date_gmt":"2024-03-11T04:13:21","guid":{"rendered":"https:\/\/shasheem-cosmetics.de\/?post_type=product&#038;p=4576"},"modified":"2024-12-05T13:33:39","modified_gmt":"2024-12-05T12:33:39","slug":"soothing-body-scrub-ocean","status":"publish","type":"product","link":"http:\/\/shasheem-cosmetics.de\/es\/soothing-body-scrub-ocean\/","title":{"rendered":"Soothing body scrub ocean"},"content":{"rendered":"<div tabindex=\"0\">\n<div class=\"text-wrap tlid-copy-target\">\n<div class=\"result-shield-container tlid-copy-target\" tabindex=\"0\">\n<p><span class=\"tlid-translation translation\" lang=\"de\"><span class=\"\" title=\"\">Limpia la piel y estimula la renovaci\u00f3n natural de las c\u00e9lulas cut\u00e1neas.<br \/>\n<\/span><\/span><\/p>\n<p><span class=\"\" title=\"\">Elimina impurezas y poros obstruidos para una apariencia joven y radiante.<\/span><\/p>\n<p><span class=\"\" title=\"\">Suaviza y energiza las \u00e1reas \u00e1speras\u00a0<\/span><span class=\"\" title=\"\">(especialmente sobre los codos, las rodillas, los talones y la parte posterior de los brazos) con aceites naturales estimulantes y extracto de algas marinas.<\/span><\/p>\n<p><span title=\"\">La jojoba, el aceite de semilla de borraja, el aguacate y el aceite de almendras dulces proporcionan una hidrataci\u00f3n intensiva y curativa en una formulaci\u00f3n especial.<\/span><\/p>\n<p><span title=\"\">El extracto de manzanilla y aloe calma la piel y la sal del Mar Muerto elimina eficazmente la piel escamosa.<\/span><\/p>\n<p><span title=\"\">Para obtener mejores resultados, utilice la\u00a0<strong>nuez de karit\u00e9 ObeyYourBody<\/strong>\u00a0manteca corporal.<\/span><\/p>\n<p><span title=\"\">EL TRATAMIENTO INTENSIVO RENUEVA LA PIEL PARA UNA APARIENCIA JOVEN Y RADIANTE<\/span><\/p>\n<\/div>\n<\/div>\n<\/div>\n<div class=\"result-shield-container tlid-copy-target\" tabindex=\"0\"><strong><span class=\"tlid-translation translation\" lang=\"de\"><span class=\"\" title=\"\">Instrucciones de aplicaci\u00f3n:<\/span><\/span><\/strong><\/div>\n<div class=\"result-shield-container tlid-copy-target\" tabindex=\"0\"><span class=\"tlid-translation translation\" lang=\"de\"><span class=\"\" title=\"\">Masajear con movimientos circulares para eliminar las c\u00e9lulas muertas de la piel, enjuagar bie<\/span>n co<span title=\"\">n agua .<\/span><\/span><\/div>\n<div class=\"result-shield-container tlid-copy-target\" tabindex=\"0\">\n<p><span class=\"tlid-translation translation\" lang=\"de\"><span class=\"\" title=\"\">Para obtener mejores resultados en el cuidado de la piel, \u00faselo en combinaci\u00f3n con la manteca corporal reafirmante de nuez de karit\u00e9 MINERAUX.<\/span><\/span><\/p>\n<p><strong><span title=\"\">Advertencias:<\/span><\/strong><br \/>\n<span class=\"\" title=\"\">Evitar contacto visual.<\/span>\u00a0<span class=\"\" title=\"\">En caso de contacto, enjuague abundantemente con agua.<\/span>\u00a0<span title=\"\">No apto para ni\u00f1os.<\/span><\/p>\n<\/div>","protected":false},"excerpt":{"rendered":"<p><strong style=\"color: #ff9900; font-size: 14px;\">Art\u00edculo de nueva colecci\u00f3n.<\/strong><\/p>","protected":false},"featured_media":4584,"template":"","meta":[],"product_brand":[],"product_cat":[101,104,109,111,136],"product_tag":[],"class_list":{"0":"post-4576","1":"product","2":"type-product","3":"status-publish","4":"has-post-thumbnail","6":"product_cat-behandlungssets","7":"product_cat-empfindliche-haut","8":"product_cat-koerperpflege","9":"product_cat-mineraux-collection","10":"product_cat-obeyyourbody","12":"first","13":"instock","14":"taxable","15":"shipping-taxable","16":"product-type-simple"},"_links":{"self":[{"href":"http:\/\/shasheem-cosmetics.de\/es\/wp-json\/wp\/v2\/product\/4576","targetHints":{"allow":["GET"]}}],"collection":[{"href":"http:\/\/shasheem-cosmetics.de\/es\/wp-json\/wp\/v2\/product"}],"about":[{"href":"http:\/\/shasheem-cosmetics.de\/es\/wp-json\/wp\/v2\/types\/product"}],"wp:featuredmedia":[{"embeddable":true,"href":"http:\/\/shasheem-cosmetics.de\/es\/wp-json\/wp\/v2\/media\/4584"}],"wp:attachment":[{"href":"http:\/\/shasheem-cosmetics.de\/es\/wp-json\/wp\/v2\/media?parent=4576"}],"wp:term":[{"taxonomy":"product_brand","embeddable":true,"href":"http:\/\/shasheem-cosmetics.de\/es\/wp-json\/wp\/v2\/product_brand?post=4576"},{"taxonomy":"product_cat","embeddable":true,"href":"http:\/\/shasheem-cosmetics.de\/es\/wp-json\/wp\/v2\/product_cat?post=4576"},{"taxonomy":"product_tag","embeddable":true,"href":"http:\/\/shasheem-cosmetics.de\/es\/wp-json\/wp\/v2\/product_tag?post=4576"}],"curies":[{"name":"wp","href":"https:\/\/api.w.org\/{rel}","templated":true}]}}