{"id":2242,"date":"2019-07-09T23:07:16","date_gmt":"2019-07-09T23:07:16","guid":{"rendered":"https:\/\/goya.everthemes.com\/demo-fashion\/?page_id=2242"},"modified":"2023-05-12T16:13:09","modified_gmt":"2023-05-12T14:13:09","slug":"filialstandorte","status":"publish","type":"page","link":"https:\/\/shasheem-cosmetics.de\/es\/filialstandorte\/","title":{"rendered":"Sucursales"},"content":{"rendered":"<div class=\"wpb-content-wrapper\"><div  class=\"sec_row container\"><div class=\"vc_row wpb_row vc_row-fluid vc_custom_1681746473739\"><div class=\"wpb_column vc_column_container animation bottom-to-top vc_col-sm-12 et-dark-column\"><div class=\"vc_column-inner\"><div class=\"wpb_wrapper\"><div class=\"vc_row wpb_row vc_inner vc_row-fluid max_width align-center align-center vc_custom_1579728862767\"><div class=\"wpb_column vc_column_container vc_col-sm-12 vc_col-lg-6 et-dark-column\"><div class=\"vc_column-inner\"><div class=\"wpb_wrapper\">\n\t<div class=\"wpb_text_column wpb_content_element\" >\n\t\t<div class=\"wpb_wrapper\">\n\t\t\t<h1 style=\"text-align: center;\">Tiendas de Shasheem Cosmetics<\/h1>\n<h3 style=\"text-align: center;\">Adem\u00e1s de en nuestra tienda online, tambi\u00e9n encontrar\u00e1 nuestros productos en diversas tiendas y establecimientos, que podr\u00e1 probar y testar. El personal de Hochfeld Beauty Stores tambi\u00e9n estar\u00e1 encantado de asesorarte.<\/h3>\n\n\t\t<\/div>\n\t<\/div>\n<\/div><\/div><\/div><\/div><\/div><\/div><\/div><\/div><\/div><div  class=\"sec_row container\"><div class=\"vc_row wpb_row vc_row-fluid vc_row-o-content-top vc_row-flex\"><div class=\"wpb_column vc_column_container vc_col-sm-4 et-dark-column\"><div class=\"vc_column-inner\"><div class=\"wpb_wrapper\">\n\t<div  class=\"wpb_single_image wpb_content_element vc_align_center wpb_content_element\">\n\t\t\n\t\t<figure class=\"wpb_wrapper vc_figure\">\n\t\t\t<div class=\"vc_single_image-wrapper   vc_box_border_grey\"><img loading=\"lazy\" decoding=\"async\" width=\"300\" height=\"150\" src=\"https:\/\/shasheem-cosmetics.de\/wp-content\/uploads\/2023\/04\/logo-westfield-centro-300x150.png\" class=\"vc_single_image-img attachment-medium\" alt=\"Westfield Centro\" title=\"Westfield Centro\" srcset=\"https:\/\/shasheem-cosmetics.de\/wp-content\/uploads\/2023\/04\/logo-westfield-centro-300x150.png 300w, https:\/\/shasheem-cosmetics.de\/wp-content\/uploads\/2023\/04\/logo-westfield-centro-150x75.png 150w, https:\/\/shasheem-cosmetics.de\/wp-content\/uploads\/2023\/04\/logo-westfield-centro-450x225.png 450w, https:\/\/shasheem-cosmetics.de\/wp-content\/uploads\/2023\/04\/logo-westfield-centro.png 680w\" sizes=\"auto, (max-width: 300px) 100vw, 300px\" \/><\/div>\n\t\t<\/figure>\n\t<\/div>\n\n\t<div class=\"wpb_text_column wpb_content_element\" >\n\t\t<div class=\"wpb_wrapper\">\n\t\t\t<p style=\"text-align: center;\">Centroallee 1000<br \/>\n46047 Oberhausen<\/p>\n<p style=\"text-align: center;\">horario de apertura<br \/>\nMo. \u2013 Fr.: 10:00 bis 20:00 Uhr<br \/>\nSa.: 10:00 bis 20:00 Uhr<\/p>\n\n\t\t<\/div>\n\t<\/div>\n\n\t<div class=\"wpb_text_column wpb_content_element\" >\n\t\t<div class=\"wpb_wrapper\">\n\t\t\t<p><iframe loading=\"lazy\" style=\"border: 0;\" src=\"https:\/\/www.google.com\/maps\/embed?pb=!1m18!1m12!1m3!1d2484.2406036030657!2d6.876776877613893!3d51.4904520718094!2m3!1f0!2f0!3f0!3m2!1i1024!2i768!4f13.1!3m3!1m2!1s0x47b8ea7d479eb781%3A0xf8deedcd01280d01!2sWestfield%20Centro!5e0!3m2!1sde!2sde!4v1681744166751!5m2!1sde!2sde\" width=\"600\" height=\"450\" allowfullscreen=\"allowfullscreen\"><\/iframe><\/p>\n\n\t\t<\/div>\n\t<\/div>\n<\/div><\/div><\/div><div class=\"wpb_column vc_column_container vc_col-sm-4 et-dark-column\"><div class=\"vc_column-inner\"><div class=\"wpb_wrapper\">\n\t<div  class=\"wpb_single_image wpb_content_element vc_align_center wpb_content_element\">\n\t\t\n\t\t<figure class=\"wpb_wrapper vc_figure\">\n\t\t\t<div class=\"vc_single_image-wrapper   vc_box_border_grey\"><img loading=\"lazy\" decoding=\"async\" width=\"300\" height=\"150\" src=\"https:\/\/shasheem-cosmetics.de\/wp-content\/uploads\/2023\/04\/logo-loop5-300x150.png\" class=\"vc_single_image-img attachment-medium\" alt=\"Loop 5\" title=\"Loop 5\" srcset=\"https:\/\/shasheem-cosmetics.de\/wp-content\/uploads\/2023\/04\/logo-loop5-300x150.png 300w, https:\/\/shasheem-cosmetics.de\/wp-content\/uploads\/2023\/04\/logo-loop5-150x75.png 150w, https:\/\/shasheem-cosmetics.de\/wp-content\/uploads\/2023\/04\/logo-loop5-450x225.png 450w, https:\/\/shasheem-cosmetics.de\/wp-content\/uploads\/2023\/04\/logo-loop5.png 680w\" sizes=\"auto, (max-width: 300px) 100vw, 300px\" \/><\/div>\n\t\t<\/figure>\n\t<\/div>\n\n\t<div class=\"wpb_text_column wpb_content_element\" >\n\t\t<div class=\"wpb_wrapper\">\n\t\t\t<p style=\"text-align: center;\">Gutenbergstra\u00dfe 5<br \/>\n64331 Weiterstadt<\/p>\n<p style=\"text-align: center;\">horario de apertura<br \/>\nMo. \u2013 Do.: 10:00 bis 20:00 Uhr<br \/>\nFr. \u2013 Sa.: 10:00 bis 21:00 Uhr<\/p>\n\n\t\t<\/div>\n\t<\/div>\n\n\t<div class=\"wpb_text_column wpb_content_element\" >\n\t\t<div class=\"wpb_wrapper\">\n\t\t\t<p><iframe loading=\"lazy\" style=\"border: 0;\" src=\"https:\/\/www.google.com\/maps\/embed?pb=!1m18!1m12!1m3!1d5770.18497972231!2d8.603462291900337!3d49.892696344449234!2m3!1f0!2f0!3f0!3m2!1i1024!2i768!4f13.1!3m3!1m2!1s0x47bd70ce7c82ff8d%3A0x3dd02cdd05e46b70!2sLOOP5!5e0!3m2!1sde!2sde!4v1681744383362!5m2!1sde!2sde\" width=\"600\" height=\"450\" allowfullscreen=\"allowfullscreen\"><\/iframe><\/p>\n\n\t\t<\/div>\n\t<\/div>\n<\/div><\/div><\/div><div class=\"wpb_column vc_column_container vc_col-sm-4 et-dark-column\"><div class=\"vc_column-inner\"><div class=\"wpb_wrapper\">\n\t<div  class=\"wpb_single_image wpb_content_element vc_align_center wpb_content_element\">\n\t\t\n\t\t<figure class=\"wpb_wrapper vc_figure\">\n\t\t\t<div class=\"vc_single_image-wrapper   vc_box_border_grey\"><img loading=\"lazy\" decoding=\"async\" width=\"300\" height=\"150\" src=\"https:\/\/shasheem-cosmetics.de\/wp-content\/uploads\/2023\/04\/logo-stadtgalerie-hb-300x150.png\" class=\"vc_single_image-img attachment-medium\" alt=\"Stadtgalerie Heilbronn\" title=\"Stadtgalerie Heilbronn\" srcset=\"https:\/\/shasheem-cosmetics.de\/wp-content\/uploads\/2023\/04\/logo-stadtgalerie-hb-300x150.png 300w, https:\/\/shasheem-cosmetics.de\/wp-content\/uploads\/2023\/04\/logo-stadtgalerie-hb-150x75.png 150w, https:\/\/shasheem-cosmetics.de\/wp-content\/uploads\/2023\/04\/logo-stadtgalerie-hb-450x225.png 450w, https:\/\/shasheem-cosmetics.de\/wp-content\/uploads\/2023\/04\/logo-stadtgalerie-hb.png 680w\" sizes=\"auto, (max-width: 300px) 100vw, 300px\" \/><\/div>\n\t\t<\/figure>\n\t<\/div>\n\n\t<div class=\"wpb_text_column wpb_content_element\" >\n\t\t<div class=\"wpb_wrapper\">\n\t\t\t<p style=\"text-align: center;\">Deutschhofstra\u00dfe 19<br \/>\n74072 Heilbronn<\/p>\n<p style=\"text-align: center;\">horario de apertura<br \/>\nMo. \u2013 Fr.: 9:30 bis 20:00 Uhr<br \/>\nSa.: 9:30 bis 20:00 Uhr<\/p>\n\n\t\t<\/div>\n\t<\/div>\n\n\t<div class=\"wpb_text_column wpb_content_element\" >\n\t\t<div class=\"wpb_wrapper\">\n\t\t\t<p><iframe loading=\"lazy\" style=\"border: 0;\" src=\"https:\/\/www.google.com\/maps\/embed?pb=!1m18!1m12!1m3!1d2610.1762307549834!2d9.213946677525946!3d49.140278321372016!2m3!1f0!2f0!3f0!3m2!1i1024!2i768!4f13.1!3m3!1m2!1s0x47982f47484c97dd%3A0x6497abd4ad0b624f!2sStadtgalerie%20Heilbronn!5e0!3m2!1sde!2sde!4v1681744643365!5m2!1sde!2sde\" width=\"600\" height=\"450\" allowfullscreen=\"allowfullscreen\"><\/iframe><\/p>\n\n\t\t<\/div>\n\t<\/div>\n<\/div><\/div><\/div><\/div><\/div><div  class=\"sec_row container\"><div class=\"vc_row wpb_row vc_row-fluid\"><div class=\"wpb_column vc_column_container vc_col-sm-12 et-dark-column\"><div class=\"vc_column-inner\"><div class=\"wpb_wrapper\"><div class=\"vc_empty_space\"   style=\"height: 50px\"><span class=\"vc_empty_space_inner\"><\/span><\/div><\/div><\/div><\/div><\/div><\/div><div  class=\"sec_row container-fluid\"><div class=\"vc_row wpb_row vc_row-fluid no-padding bg-line-girl vc_custom_1681746328814 vc_row-has-fill\"><div class=\"wpb_column vc_column_container vc_col-sm-12 et-dark-column\"><div class=\"vc_column-inner\"><div class=\"wpb_wrapper\"><div class=\"vc_row wpb_row vc_inner vc_row-fluid max_width align-center\"><div class=\"wpb_column vc_column_container vc_col-sm-12 vc_col-lg-7 vc_col-md-8 et-dark-column\"><div class=\"vc_column-inner\"><div class=\"wpb_wrapper\">\n\t<div class=\"wpb_text_column wpb_content_element\" >\n\t\t<div class=\"wpb_wrapper\">\n\t\t\t<div style=\"text-align: center;\">\n<h4 class=\"fancy-title light-color\">PROGRAMA DE SOCIOS<\/h4>\n<\/div>\n<h2 style=\"text-align: center;\">\u00bfDesea a\u00f1adir productos de Shasheem Cosmetics a su gama?<\/h2>\n\n\t\t<\/div>\n\t<\/div>\n<div class=\"vc_empty_space\"   style=\"height: 20px\"><span class=\"vc_empty_space_inner\"><\/span><\/div>\n\t<div class=\"wpb_text_column wpb_content_element\" >\n\t\t<div class=\"wpb_wrapper\">\n\t\t\t<p style=\"text-align: center;\">Usted y sus clientes pueden beneficiarse de nuestro producto. P\u00f3ngase en contacto con nosotros directamente a trav\u00e9s de nuestro formulario de contacto y nos pondremos en contacto con usted de inmediato.<\/p>\n\n\t\t<\/div>\n\t<\/div>\n\t\t<div id=\"et-button-69d64b1d293d5\" class=\"et_btn_align_center animation right-to-left\">\n\t\t\t<a href=\"https:\/\/shasheem-cosmetics.de\/es\/kontakt\/\" class=\"et_btn button et_btn_md solid color-   btn-white-font\"  role=\"button\" title=\"Read More\" ><span>Ver Formulario<\/span><\/a>\n\t\t<\/div>\n\t\t\n\t<\/div><\/div><\/div><\/div><\/div><\/div><\/div><\/div><\/div>\n<\/div>","protected":false},"excerpt":{"rendered":"Stores mit Shasheem Cosmetics Zu unseren Online Shop finden Sie unsere Artikel auch in verschiedenen L\u00e4den und Standorten, die Sie auch testen und ausprobieren k\u00f6nnen. Gerne beraten Sie auch die Angestellten von Hochfeld Beauty Stores. Centroallee 1000 46047 Oberhausen \u00d6ffnungszeiten Mo. \u2013 Fr.: 10:00 bis 20:00 Uhr Sa.: 10:00 bis [...]","protected":false},"author":1,"featured_media":0,"parent":0,"menu_order":0,"comment_status":"closed","ping_status":"closed","template":"","meta":{"footnotes":""},"class_list":["post-2242","page","type-page","status-publish","hentry"],"_links":{"self":[{"href":"https:\/\/shasheem-cosmetics.de\/es\/wp-json\/wp\/v2\/pages\/2242","targetHints":{"allow":["GET"]}}],"collection":[{"href":"https:\/\/shasheem-cosmetics.de\/es\/wp-json\/wp\/v2\/pages"}],"about":[{"href":"https:\/\/shasheem-cosmetics.de\/es\/wp-json\/wp\/v2\/types\/page"}],"author":[{"embeddable":true,"href":"https:\/\/shasheem-cosmetics.de\/es\/wp-json\/wp\/v2\/users\/1"}],"replies":[{"embeddable":true,"href":"https:\/\/shasheem-cosmetics.de\/es\/wp-json\/wp\/v2\/comments?post=2242"}],"version-history":[{"count":0,"href":"https:\/\/shasheem-cosmetics.de\/es\/wp-json\/wp\/v2\/pages\/2242\/revisions"}],"wp:attachment":[{"href":"https:\/\/shasheem-cosmetics.de\/es\/wp-json\/wp\/v2\/media?parent=2242"}],"curies":[{"name":"wp","href":"https:\/\/api.w.org\/{rel}","templated":true}]}}