{"id":72,"date":"2019-03-17T17:19:40","date_gmt":"2019-03-17T17:19:40","guid":{"rendered":"https:\/\/goya.everthemes.com\/demo-fashion\/?page_id=72"},"modified":"2023-04-17T19:10:24","modified_gmt":"2023-04-17T17:10:24","slug":"allgemeine-geschaeftsbedingungen","status":"publish","type":"page","link":"https:\/\/shasheem-cosmetics.de\/es\/allgemeine-geschaeftsbedingungen\/","title":{"rendered":"T\u00e9rminos y condiciones generales de negocio."},"content":{"rendered":"<div class=\"wpb-content-wrapper\"><div  class=\"sec_row container\"><div class=\"vc_row wpb_row vc_row-fluid\"><div class=\"wpb_column vc_column_container vc_col-sm-12 et-dark-column\"><div class=\"vc_column-inner\"><div class=\"wpb_wrapper\">\n\t<div class=\"wpb_text_column wpb_content_element\" >\n\t\t<div class=\"wpb_wrapper\">\n\t\t\t<div class=\"elementor-section elementor-top-section elementor-element elementor-element-80109b4 elementor-section-boxed elementor-section-height-default elementor-section-height-default\" data-id=\"80109b4\" data-element_type=\"section\">\n<div class=\"elementor-container elementor-column-gap-default\">\n<div class=\"elementor-column elementor-col-100 elementor-top-column elementor-element elementor-element-234168f\" data-id=\"234168f\" data-element_type=\"column\">\n<div class=\"elementor-widget-wrap elementor-element-populated\">\n<div class=\"elementor-element elementor-element-9adf172 elementor-widget elementor-widget-text-editor\" data-id=\"9adf172\" data-element_type=\"widget\" data-widget_type=\"text-editor.default\">\n<div class=\"elementor-widget-container\">\n<p>Comprar ahora<br \/>\n\u2014\u2014\u2014\u2014\u2014\u2014<br \/>\n1 Alcance<br \/>\n2. Celebraci\u00f3n del contrato<br \/>\n3. Derecho de desistimiento<br \/>\n4. Precios y condiciones de pago<br \/>\n5. Condiciones de entrega y env\u00edo<br \/>\n6. Reserva de propiedad<br \/>\n7. Responsabilidad por defectos (garant\u00eda)<br \/>\n8. Canjear vales promocionales<br \/>\n9. Canje de vales regalo<br \/>\n10. Ley Aplicable<br \/>\n11. Resoluci\u00f3n alternativa de disputas<\/p>\n<p><b>1 Alcance<\/b><br \/>\n1.1 Estos t\u00e9rminos y condiciones generales (en adelante \u201cCGC\u201d) de Shashcem Nujici, que opera bajo \u201cHochfeld Beauty, Inh. Shashcem Nujici\u201d (en adelante \u201cVendedor\u201d), se aplican a todos los contratos para la entrega de bienes que un consumidor o empresario (en adelante \u201c\u201cCliente\u201d) concluye con el vendedor respecto de los bienes presentados por el vendedor en su tienda en l\u00ednea. Se rechaza la inclusi\u00f3n de t\u00e9rminos y condiciones propios del cliente, salvo acuerdo en contrario.<br \/>\n1.2 Estos T\u00e9rminos y Condiciones Generales se aplican en consecuencia a los contratos de entrega de bonos, salvo que se estipule expresamente lo contrario.<br \/>\n1.3 Un consumidor en el sentido de estos T\u00e9rminos y Condiciones Generales es cualquier persona f\u00edsica que celebra un negocio jur\u00eddico con fines que no pueden atribuirse principalmente a su actividad comercial o profesional independiente. Un empresario en el sentido de estos T\u00e9rminos y Condiciones Generales es una persona f\u00edsica o jur\u00eddica o una sociedad con capacidad jur\u00eddica que, al celebrar un negocio jur\u00eddico, act\u00faa en el ejercicio de su actividad comercial o profesional independiente.<\/p>\n<p><b>2) Celebraci\u00f3n del contrato<\/b><br \/>\n2.1 Las descripciones de los productos contenidas en la tienda online del vendedor no representan ofertas vinculantes por parte del vendedor, sino que sirven para realizar una oferta vinculante por parte del cliente.<br \/>\n2.2 El cliente puede enviar la oferta mediante el formulario de pedido online integrado en la tienda online del vendedor. Despu\u00e9s de colocar los productos seleccionados en el carrito de compras virtual y realizar el proceso de pedido electr\u00f3nico, el cliente presenta una oferta contractual legalmente vinculante con respecto a los bienes contenidos en el carrito de compras haciendo clic en el bot\u00f3n que completa el proceso de pedido. El cliente tambi\u00e9n puede realizar la oferta al vendedor por tel\u00e9fono o correo electr\u00f3nico.<br \/>\n2.3 El vendedor puede aceptar la oferta del cliente en un plazo de cinco d\u00edas,<br \/>\n\u2013 enviando al cliente una confirmaci\u00f3n de pedido por escrito o una confirmaci\u00f3n de pedido en forma de texto (fax o correo electr\u00f3nico), siendo decisiva la recepci\u00f3n de la confirmaci\u00f3n de pedido por parte del cliente, o<br \/>\n\u2013 mediante la entrega de la mercanc\u00eda solicitada al cliente, siendo decisiva la recepci\u00f3n de la mercanc\u00eda por parte del cliente, o<br \/>\n\u2013 pidiendo al cliente que pague despu\u00e9s de realizar su pedido.<br \/>\nSi se presentan varias de las alternativas antes mencionadas, el contrato se celebrar\u00e1 en el momento en que una de las alternativas antes mencionadas se presente primero. El plazo de aceptaci\u00f3n de la oferta comienza el d\u00eda siguiente al env\u00edo de la oferta por parte del cliente y finaliza al final del quinto d\u00eda siguiente al env\u00edo de la oferta. Si el vendedor no acepta la oferta del cliente dentro del plazo mencionado, se considerar\u00e1 un rechazo de la oferta, por lo que el cliente ya no estar\u00e1 vinculado por su declaraci\u00f3n de intenciones.<br \/>\n2.4 Si se selecciona la forma de pago \"PayPal expr\u00e9s\", el pago se procesar\u00e1 a trav\u00e9s del proveedor de servicios de pago PayPal (Europe) S.\u00e0 r.l. et Cie, S.C.A., 22-24 Boulevard Royal, L-2449 Luxemburgo (en lo sucesivo, \"PayPal\"), con sujeci\u00f3n a las Condiciones de uso de PayPal, disponibles en https:\/\/www.paypal.com\/de\/webapps\/mpp\/ua\/useragreement-full o -si el cliente no dispone de una cuenta PayPal- con sujeci\u00f3n a los t\u00e9rminos y condiciones para pagos sin cuenta PayPal, disponibles en https:\/\/www.paypal.com\/de\/webapps\/mpp\/ua\/privacywax-full. Si el cliente selecciona \"PayPal expr\u00e9s\" como forma de pago durante el proceso de pedido en Internet, tambi\u00e9n emite una orden de pago a PayPal pulsando el bot\u00f3n que concluye el proceso de pedido. En este caso, el vendedor ya declara la aceptaci\u00f3n de la oferta del cliente en el momento en que el cliente activa el proceso de pago pulsando el bot\u00f3n que concluye el proceso de pedido.<br \/>\n2.5 Al presentar una oferta a trav\u00e9s del formulario de pedido en l\u00ednea del vendedor, el texto del contrato ser\u00e1 guardado por el vendedor tras la celebraci\u00f3n del contrato y enviado al cliente en forma de texto (por ejemplo, correo electr\u00f3nico, fax o carta) tras el env\u00edo del pedido del cliente. El vendedor no pondr\u00e1 a disposici\u00f3n el texto del contrato m\u00e1s all\u00e1 de esto. Si el cliente ha creado una cuenta de usuario en la tienda en l\u00ednea del vendedor antes de enviar su pedido, los datos del pedido se archivan en el sitio web del vendedor y el cliente puede acceder a ellos gratuitamente a trav\u00e9s de su cuenta de usuario protegida por contrase\u00f1a introduciendo los datos de acceso correspondientes.<br \/>\n2.6 Antes de enviar un pedido vinculante a trav\u00e9s del formulario de pedido en l\u00ednea del vendedor, el cliente puede reconocer posibles errores de introducci\u00f3n de datos leyendo atentamente la informaci\u00f3n que aparece en la pantalla. Un medio t\u00e9cnico eficaz para reconocer mejor los errores de introducci\u00f3n puede ser la funci\u00f3n de aumento del navegador, que ampl\u00eda la visualizaci\u00f3n en la pantalla. El cliente puede corregir sus entradas durante el proceso de pedido electr\u00f3nico utilizando las funciones habituales del teclado y el rat\u00f3n hasta que pulse el bot\u00f3n que concluye el proceso de pedido.<br \/>\n2.7 Para celebrar el contrato s\u00f3lo estar\u00e1 disponible el idioma alem\u00e1n.<br \/>\n2.8 El procesamiento de pedidos y el contacto generalmente se realizan a trav\u00e9s de correo electr\u00f3nico y procesamiento de pedidos automatizado. El cliente debe asegurarse de que la direcci\u00f3n de correo electr\u00f3nico que proporcion\u00f3 para procesar el pedido es correcta para que los correos electr\u00f3nicos enviados por el vendedor puedan recibirse en esta direcci\u00f3n. En particular, al utilizar filtros de SPAM, el cliente debe asegurarse de que todos los correos electr\u00f3nicos enviados por el vendedor o por terceros encargados por el vendedor para procesar el pedido puedan ser entregados.<\/p>\n<p><b>3) Derecho de desistimiento<\/b><br \/>\n3.1 Los consumidores generalmente tienen derecho de desistimiento.<br \/>\n3.2 Puede encontrar m\u00e1s informaci\u00f3n sobre el derecho de desistimiento en la pol\u00edtica de cancelaci\u00f3n del vendedor.<\/p>\n<p><b>4) Precios y condiciones de pago<\/b><br \/>\n4.1 A menos que se indique lo contrario en la descripci\u00f3n del producto del vendedor, los precios indicados son precios totales e incluyen el impuesto sobre las ventas legal. Cualquier coste adicional de entrega y env\u00edo que pueda surgir se indicar\u00e1 por separado en la respectiva descripci\u00f3n del producto.<br \/>\n4.2 Para env\u00edos a pa\u00edses fuera de la Uni\u00f3n Europea, pueden surgir costes adicionales en casos individuales de los que el vendedor no es responsable y que deber\u00e1n ser asumidos por el cliente. Estos incluyen, por ejemplo, los costos de transferencia de dinero a trav\u00e9s de instituciones de cr\u00e9dito (por ejemplo, tarifas de transferencia, tasas de cambio) o derechos o impuestos de importaci\u00f3n (por ejemplo, derechos de aduana). Dichos costes pueden surgir en relaci\u00f3n con la transferencia de dinero incluso si la entrega no se realiza a un pa\u00eds fuera de la Uni\u00f3n Europea pero el cliente realiza el pago desde un pa\u00eds fuera de la Uni\u00f3n Europea.<br \/>\n4.3 La(s) opci\u00f3n(es) de pago se comunicar\u00e1n al cliente en la tienda online del vendedor.<br \/>\n4.4 Si se ha acordado el pago por adelantado mediante transferencia bancaria, el pago deber\u00e1 realizarse inmediatamente despu\u00e9s de la celebraci\u00f3n del contrato, a menos que las partes hayan acordado una fecha de vencimiento posterior.<br \/>\n4.5 Cuando se paga utilizando un m\u00e9todo de pago ofrecido por PayPal, el pago se procesa a trav\u00e9s del proveedor de servicios de pago PayPal (Europe) S.\u00e0 r.l. et Cie, S.C.A., 22-24 Boulevard Royal, L-2449 Luxemburgo (en adelante: \u201cPayPal\u201d), sujeto a las Condiciones de uso de PayPal, disponibles en https:\/\/www.paypal.com\/de\/webapps\/mpp\/ua \/useragreement-full o, si el cliente no tiene una cuenta PayPal, sujeto a los t\u00e9rminos y condiciones para pagos sin una cuenta PayPal, que se pueden consultar en https:\/\/www.paypal.com\/de\/webapps\/mpp\/ ua\/privacywax- completo.<br \/>\n4.6 Si selecciona el m\u00e9todo de pago \"SOFORT\", el pago se procesa a trav\u00e9s del proveedor de servicios de pago SOFORT GmbH, Theresienh\u00f6he 12, 80339 Munich (en adelante \"SOFORT\"). Para poder pagar el importe de la factura a trav\u00e9s de \"SOFORT\", el cliente debe tener activada una cuenta bancaria en l\u00ednea para participar en \"SOFORT\", identificarse adecuadamente durante el proceso de pago y confirmar la instrucci\u00f3n de pago a \"SOFORT\". La operaci\u00f3n de pago ser\u00e1 realizada inmediatamente despu\u00e9s por \u201cSOFORT\u201d y se cargar\u00e1 en la cuenta bancaria del cliente. El cliente puede encontrar m\u00e1s informaci\u00f3n sobre el m\u00e9todo de pago \"SOFORT\" online en https:\/\/www.klarna.com\/sofort\/.<\/p>\n<p><b>5) Condiciones de entrega y env\u00edo<\/b><br \/>\n5.1 Los productos se entregan mediante env\u00edo a la direcci\u00f3n de entrega especificada por el cliente, a menos que se acuerde lo contrario. Al procesar la transacci\u00f3n, la direcci\u00f3n de entrega especificada en el procesamiento del pedido del vendedor es decisiva. A diferencia de lo anterior, si selecciona el m\u00e9todo de pago PayPal, la direcci\u00f3n de entrega proporcionada por el cliente a PayPal en el momento del pago ser\u00e1 decisiva.<br \/>\n5.2 Si la entrega de la mercanc\u00eda fracasa por motivos imputables al cliente, el cliente correr\u00e1 con los costes razonables en que incurra el vendedor como consecuencia de ello. Esto no se aplica a los gastos de env\u00edo si el cliente ejerce efectivamente su derecho de desistimiento. Si el cliente ejerce efectivamente el derecho de cancelaci\u00f3n, los gastos de env\u00edo de la devoluci\u00f3n estar\u00e1n sujetos a lo establecido en la pol\u00edtica de cancelaci\u00f3n del vendedor.<br \/>\n5.3 La recogida por cuenta propia no es posible por motivos log\u00edsticos.<br \/>\n5.4 Los vales se proporcionan al cliente de la siguiente manera:<br \/>\n\u2013 por Descarga<br \/>\n\u2013 per E-Mail<br \/>\n\u2013 Por v\u00eda postal<\/p>\n<p><b>6) Reserva de propiedad<\/b><br \/>\nSi el vendedor realiza pagos anticipados, se reserva la propiedad de la mercanc\u00eda entregada hasta que se haya pagado \u00edntegramente el precio de compra adeudado.<\/p>\n<p><b>7) Responsabilidad por defectos (garant\u00eda)<\/b><br \/>\n7.1 Si el art\u00edculo adquirido es defectuoso, se aplicar\u00e1n las disposiciones legales sobre responsabilidad por defectos.<br \/>\n7.2 El cliente deber\u00e1 presentar una reclamaci\u00f3n al repartidor sobre los bienes entregados con da\u00f1os evidentes durante el transporte e informar de ello al vendedor. Si el cliente no cumple con esto, esto no tendr\u00e1 ning\u00fan impacto en sus reclamaciones legales o contractuales por defectos.<\/p>\n<p><b>8) Canjear vales promocionales<\/b><br \/>\n8.1 Los vales emitidos de forma gratuita por el vendedor como parte de promociones con un per\u00edodo de validez espec\u00edfico y que el cliente no puede comprar (en adelante, \"vales promocionales\") solo se pueden canjear en la tienda en l\u00ednea del vendedor y solo durante el per\u00edodo especificado. per\u00edodo.<br \/>\n8.2 Los vales promocionales solo pueden ser canjeados por consumidores.<br \/>\n8.3 Los productos individuales podr\u00e1n ser excluidos de la campa\u00f1a de vales si surge una restricci\u00f3n correspondiente del contenido del vale de campa\u00f1a.<br \/>\n8.4 Los vales promocionales solo se pueden canjear antes de completar el proceso de pedido. La facturaci\u00f3n posterior no es posible.<br \/>\n8.5 Se pueden canjear varios vales promocionales en un solo pedido.<br \/>\n8.6 El valor de la mercanc\u00eda debe ser al menos igual al importe del vale promocional. El vendedor no reembolsar\u00e1 el saldo restante.<br \/>\n8.7 Si el valor del bono promocional no es suficiente para cubrir el pedido, se podr\u00e1 elegir uno de los otros m\u00e9todos de pago ofrecidos por el vendedor para pagar la diferencia.<br \/>\n8.8 El saldo de un vale promocional no se pagar\u00e1 en efectivo ni en intereses.<br \/>\n8.9 El bono promocional no ser\u00e1 reembolsado si el cliente devuelve los bienes pagados total o parcialmente con el bono promocional dentro del \u00e1mbito de su derecho legal de desistimiento.<br \/>\n8.10 El bono promocional es transferible. El vendedor puede realizar pagos con efecto liberatorio al respectivo titular que canjee el bono promocional en la tienda online del vendedor. Esto no se aplica si el vendedor tiene conocimiento o desconocimiento por negligencia grave de la falta de autorizaci\u00f3n, incapacidad o falta de autorizaci\u00f3n para representar al respectivo propietario.<\/p>\n<p><b>9) Canje de cheques regalo<\/b><br \/>\n9.1 Los vales que pueden adquirirse a trav\u00e9s de la tienda en l\u00ednea del vendedor (en lo sucesivo, \"vales regalo\") s\u00f3lo pueden canjearse en la tienda en l\u00ednea del vendedor, salvo que se indique lo contrario en el vale.<br \/>\n9.2 Los vales regalo y el saldo restante de los vales regalo se pueden canjear hasta el final del tercer a\u00f1o siguiente al a\u00f1o en el que se compr\u00f3 el vale. El cr\u00e9dito restante se acreditar\u00e1 al cliente hasta la fecha de vencimiento.<br \/>\n9.3 Los vales regalo solo se pueden canjear antes de completar el proceso de pedido. La facturaci\u00f3n posterior no es posible.<br \/>\n9.4 Tambi\u00e9n se pueden canjear varios vales regalo en un solo pedido.<br \/>\n9.5 Los vales de regalo solo se pueden utilizar para comprar bienes y no para comprar vales de regalo adicionales.<br \/>\n9.6 Si el valor del cheque regalo no es suficiente para cubrir el pedido, se podr\u00e1 elegir uno de los otros m\u00e9todos de pago ofrecidos por el vendedor para liquidar la diferencia.<br \/>\n9.7 El saldo de un cheque regalo no se pagar\u00e1 en efectivo ni en intereses.<br \/>\n9.8 El bono regalo es transferible. El vendedor puede realizar pagos con efecto liberatorio al respectivo titular, que canjea el vale regalo en la tienda online del vendedor. Esto no se aplica si el vendedor tiene conocimiento o desconocimiento por negligencia grave de la falta de autorizaci\u00f3n, incapacidad o falta de autorizaci\u00f3n para representar al respectivo propietario.<\/p>\n<p><b>10) Ley Aplicable<\/b><br \/>\nPara todas las relaciones jur\u00eddicas entre las partes se aplicar\u00e1 el derecho de la Rep\u00fablica Federal de Alemania, con exclusi\u00f3n de las leyes sobre compraventa internacional de mercanc\u00edas. En el caso de los consumidores, esta elecci\u00f3n de ley s\u00f3lo se aplicar\u00e1 en la medida en que no se retire la protecci\u00f3n concedida por las disposiciones imperativas de la ley del pa\u00eds en el que el consumidor tenga su residencia habitual.<\/p>\n<p><b>11) Resoluci\u00f3n alternativa de disputas<\/b><br \/>\n11.1 La Comisi\u00f3n de la UE proporciona una plataforma para la resoluci\u00f3n de disputas en l\u00ednea en Internet en el siguiente enlace: https:\/\/ec.europa.eu\/consumers\/odr<br \/>\nEsta plataforma sirve de punto de contacto para la resoluci\u00f3n extrajudicial de litigios derivados de contratos de compra o prestaci\u00f3n de servicios en l\u00ednea en los que est\u00e9 implicado un consumidor.<br \/>\n11.2 El vendedor no est\u00e1 obligado ni dispuesto a participar en un procedimiento de resoluci\u00f3n de disputas ante una junta arbitral de consumo.<\/p>\n<\/div>\n<\/div>\n<\/div>\n<\/div>\n<\/div>\n<\/div>\n\n\t\t<\/div>\n\t<\/div>\n<\/div><\/div><\/div><\/div><\/div>\n<\/div>","protected":false},"excerpt":{"rendered":"Inhaltsverzeichnis \u2014\u2014\u2014\u2014\u2014\u2014 1. Geltungsbereich 2. Vertragsschluss 3. Widerrufsrecht 4. Preise und Zahlungsbedingungen 5. Liefer- und Versandbedingungen 6. Eigentumsvorbehalt 7. M\u00e4ngelhaftung (Gew\u00e4hrleistung) 8. Einl\u00f6sung von Aktionsgutscheinen 9. Einl\u00f6sung von Geschenkgutscheinen 10. Anwendbares Recht 11. Alternative Streitbeilegung 1) Geltungsbereich 1.1 Diese Allgemeinen Gesch\u00e4ftsbedingungen (nachfolgend \u201cAGB\u201d) der Shashcem Nujici, handelnd unter \u201cHochfeld Beauty, [...]","protected":false},"author":1,"featured_media":0,"parent":0,"menu_order":0,"comment_status":"closed","ping_status":"closed","template":"","meta":{"footnotes":""},"class_list":["post-72","page","type-page","status-publish","hentry"],"_links":{"self":[{"href":"https:\/\/shasheem-cosmetics.de\/es\/wp-json\/wp\/v2\/pages\/72","targetHints":{"allow":["GET"]}}],"collection":[{"href":"https:\/\/shasheem-cosmetics.de\/es\/wp-json\/wp\/v2\/pages"}],"about":[{"href":"https:\/\/shasheem-cosmetics.de\/es\/wp-json\/wp\/v2\/types\/page"}],"author":[{"embeddable":true,"href":"https:\/\/shasheem-cosmetics.de\/es\/wp-json\/wp\/v2\/users\/1"}],"replies":[{"embeddable":true,"href":"https:\/\/shasheem-cosmetics.de\/es\/wp-json\/wp\/v2\/comments?post=72"}],"version-history":[{"count":0,"href":"https:\/\/shasheem-cosmetics.de\/es\/wp-json\/wp\/v2\/pages\/72\/revisions"}],"wp:attachment":[{"href":"https:\/\/shasheem-cosmetics.de\/es\/wp-json\/wp\/v2\/media?parent=72"}],"curies":[{"name":"wp","href":"https:\/\/api.w.org\/{rel}","templated":true}]}}