{"id":4474,"date":"2024-03-10T23:55:10","date_gmt":"2024-03-10T22:55:10","guid":{"rendered":"https:\/\/shasheem-cosmetics.de\/?post_type=product&#038;p=4474"},"modified":"2024-12-05T13:44:19","modified_gmt":"2024-12-05T12:44:19","slug":"clarity-forehead-treatment-lichttherapie-aktive-creme-vibrations-osmose","status":"publish","type":"product","link":"https:\/\/shasheem-cosmetics.de\/es\/clarity-forehead-treatment-lichttherapie-aktive-creme-vibrations-osmose\/","title":{"rendered":"Clarify forehead treatment Lichttherapie | Aktive Creme | Vibrations Osmose"},"content":{"rendered":"<div class=\"gmail-tab-body gmail-active\">\n<p>Para el tratamiento de zonas faciales espec\u00edficas:\u00a0<b>arrugas profundas de la frente<\/b>.<\/p>\n<\/div>\n<div class=\"gmail-tab-body gmail-active\">Aqu\u00ed el cuidado de la piel se combina con un dispositivo electr\u00f3nico:\u00a0<b>\u00a1Todo en un producto incre\u00edble!<\/b><\/div>\n<div><\/div>\n<div><strong>\u00a1Para el tratamiento de las arrugas profundas de la frente!<\/strong><\/div>\n<div><\/div>\n<div>\n<div class=\"gmail-tab-body gmail-active\">\n<p>El cierre del recipiente funciona tambi\u00e9n como un dispositivo electr\u00f3nico que emite una luz LED roja y est\u00e1 acoplado a una funci\u00f3n de vibraci\u00f3n.<\/p>\n<p>El propio recipiente contiene una crema de ingredientes activos con ingredientes especiales que funcionan en perfecta sinergia con la luz roja y la funci\u00f3n de vibraci\u00f3n.<\/p>\n<\/div>\n<\/div>\n<div class=\"gmail-tab-body gmail-active\">\n<p><strong>Luz LED ROJA<\/strong><\/p>\n<ul>\n<li>Estimula la producci\u00f3n de col\u00e1geno y elastina, reduciendo las l\u00edneas finas y arrugas<\/li>\n<li>Aumenta la circulaci\u00f3n sangu\u00ednea y favorece as\u00ed la absorci\u00f3n de los nutrientes activos de la crema en las capas de la piel.<\/li>\n<li>Aumenta la producci\u00f3n de ATP, motor energ\u00e9tico de las c\u00e9lulas, que act\u00faa como antioxidante natural, ayuda a reparar el da\u00f1o solar.<\/li>\n<li>Ayuda a aclarar las cicatrices y unifica el tono general de la piel.<\/li>\n<\/ul>\n<p><strong>Masaje vibratorio<\/strong><\/p>\n<ul>\n<li>Vibraciones 7000 veces por minuto.<\/li>\n<li>Aumenta la absorci\u00f3n de los principios activos de la crema.<\/li>\n<li>Acelera la circulaci\u00f3n sangu\u00ednea para un mejor suministro de ox\u00edgeno y nutrientes a las c\u00e9lulas.<\/li>\n<li>Apoya la producci\u00f3n de col\u00e1geno y elastina.<\/li>\n<li>Reduce l\u00edneas y arrugas.<\/li>\n<li>Funciona como drenaje linf\u00e1tico, descongestionante y desintoxicante.<\/li>\n<\/ul>\n<p>La luz roja act\u00faa en sinergia con los ingredientes activos de la crema, mientras que la funci\u00f3n de vibraci\u00f3n ayuda a la piel a absorber los ingredientes activos, aumentando la producci\u00f3n de col\u00e1geno en general. Las imperfecciones de la piel se reducen y el tono de la piel se unifica.<\/p>\n<\/div>","protected":false},"excerpt":{"rendered":"<p><span class=\"st\">Precio en demanda<\/span><\/p>","protected":false},"featured_media":4485,"template":"","meta":[],"product_brand":[],"product_cat":[99,101,104,112],"product_tag":[],"class_list":{"0":"post-4474","1":"product","2":"type-product","3":"status-publish","4":"has-post-thumbnail","6":"product_cat-anti-age","7":"product_cat-behandlungssets","8":"product_cat-empfindliche-haut","9":"product_cat-neo-lumo-collection","11":"first","12":"instock","13":"taxable","14":"shipping-taxable","15":"product-type-simple"},"_links":{"self":[{"href":"https:\/\/shasheem-cosmetics.de\/es\/wp-json\/wp\/v2\/product\/4474","targetHints":{"allow":["GET"]}}],"collection":[{"href":"https:\/\/shasheem-cosmetics.de\/es\/wp-json\/wp\/v2\/product"}],"about":[{"href":"https:\/\/shasheem-cosmetics.de\/es\/wp-json\/wp\/v2\/types\/product"}],"wp:featuredmedia":[{"embeddable":true,"href":"https:\/\/shasheem-cosmetics.de\/es\/wp-json\/wp\/v2\/media\/4485"}],"wp:attachment":[{"href":"https:\/\/shasheem-cosmetics.de\/es\/wp-json\/wp\/v2\/media?parent=4474"}],"wp:term":[{"taxonomy":"product_brand","embeddable":true,"href":"https:\/\/shasheem-cosmetics.de\/es\/wp-json\/wp\/v2\/product_brand?post=4474"},{"taxonomy":"product_cat","embeddable":true,"href":"https:\/\/shasheem-cosmetics.de\/es\/wp-json\/wp\/v2\/product_cat?post=4474"},{"taxonomy":"product_tag","embeddable":true,"href":"https:\/\/shasheem-cosmetics.de\/es\/wp-json\/wp\/v2\/product_tag?post=4474"}],"curies":[{"name":"wp","href":"https:\/\/api.w.org\/{rel}","templated":true}]}}