{"id":4486,"date":"2024-03-11T00:00:25","date_gmt":"2024-03-10T23:00:25","guid":{"rendered":"https:\/\/shasheem-cosmetics.de\/?post_type=product&#038;p=4486"},"modified":"2024-12-05T13:43:42","modified_gmt":"2024-12-05T12:43:42","slug":"renewal-cheek-around-lip-treatment-lichttherapie-aktive-creme-vibrations-osmose","status":"publish","type":"product","link":"https:\/\/shasheem-cosmetics.de\/es\/renewal-cheek-around-lip-treatment-lichttherapie-aktive-creme-vibrations-osmose\/","title":{"rendered":"Renewal cheek &#038; around lip treatment Lichttherapie | Aktive Creme | Vibrations Osmose"},"content":{"rendered":"<p>Para el tratamiento de zonas faciales espec\u00edficas:\u00a0<strong>mand\u00edbulas, mejillas y labios.<\/strong><\/p>\n<p>Aqu\u00ed el cuidado de la piel se combina con un dispositivo electr\u00f3nico:\u00a0<strong>\u00a1Todo en un producto incre\u00edble!<\/strong><\/p>\n<p><strong>\u00a1Un sistema antipigmentaci\u00f3n \u00fanico!<\/strong><\/p>\n<p>El cierre del recipiente funciona tambi\u00e9n como un dispositivo electr\u00f3nico que emite una luz LED verde y est\u00e1 acoplado a una funci\u00f3n de vibraci\u00f3n. Para el tratamiento de arrugas en las mejillas, encima del labio superior y l\u00edneas de sonrisa en los lados de los labios.<br \/>\nEl propio vaso contiene una crema de material activo con ingredientes especiales que trabajan en perfecta sinergia con la luz verde y la funci\u00f3n de vibraci\u00f3n y equilibran la melanina en la piel. Las manchas de pigmentaci\u00f3n se desvanecen, creando un tono de piel natural y uniforme<\/p>\n<p><strong>Luz LED VERDE<\/strong><\/p>\n<ul>\n<li>Calma, renueva y equilibra.<\/li>\n<li>Aumenta la energ\u00eda y activa la renovaci\u00f3n celular.<\/li>\n<li>Calma la piel da\u00f1ada.<\/li>\n<li>Inhibe la producci\u00f3n de exceso de melanina.<\/li>\n<li>Previene la hiperpigmentaci\u00f3n para un tono de piel uniforme.<\/li>\n<li>Estimula la absorci\u00f3n de los principios activos de la crema en las capas de la piel.<\/li>\n<\/ul>\n<p><strong>MASAJE POR VIBRACI\u00d3N<\/strong><\/p>\n<ul>\n<li>Vibraciones 7000 veces por minuto.<\/li>\n<li>Aumenta la absorci\u00f3n de los principios activos.<\/li>\n<li>Acelera la circulaci\u00f3n sangu\u00ednea para un mejor suministro de ox\u00edgeno y nutrientes a las c\u00e9lulas.<\/li>\n<li>Ayuda a producir col\u00e1geno y elastina.<\/li>\n<li>Reduce l\u00edneas y arrugas.<\/li>\n<li>Ayuda con el drenaje linf\u00e1tico.<\/li>\n<li>Efecto limpiador y peeling, eliminaci\u00f3n de dep\u00f3sitos.<\/li>\n<\/ul>\n<p>La luz verde act\u00faa en sinergia con los ingredientes activos de la crema, mientras que la funci\u00f3n de vibraci\u00f3n ayuda a la piel a absorber los ingredientes activos, que equilibran y favorecen la renovaci\u00f3n celular y el metabolismo en general. Esto reducir\u00e1 la actividad de los melanocitos (c\u00e9lulas formadoras de pigmentos) para lograr una piel suave, joven y uniforme.<\/p>","protected":false},"excerpt":{"rendered":"<p><span class=\"st\">Precio en demanda<\/span><\/p>","protected":false},"featured_media":4490,"template":"","meta":[],"product_brand":[],"product_cat":[99,104,106,112,113],"product_tag":[],"class_list":{"0":"post-4486","1":"product","2":"type-product","3":"status-publish","4":"has-post-thumbnail","6":"product_cat-anti-age","7":"product_cat-empfindliche-haut","8":"product_cat-gesichtspflege","9":"product_cat-neo-lumo-collection","10":"product_cat-pigment","12":"first","13":"instock","14":"taxable","15":"shipping-taxable","16":"product-type-simple"},"_links":{"self":[{"href":"https:\/\/shasheem-cosmetics.de\/es\/wp-json\/wp\/v2\/product\/4486","targetHints":{"allow":["GET"]}}],"collection":[{"href":"https:\/\/shasheem-cosmetics.de\/es\/wp-json\/wp\/v2\/product"}],"about":[{"href":"https:\/\/shasheem-cosmetics.de\/es\/wp-json\/wp\/v2\/types\/product"}],"wp:featuredmedia":[{"embeddable":true,"href":"https:\/\/shasheem-cosmetics.de\/es\/wp-json\/wp\/v2\/media\/4490"}],"wp:attachment":[{"href":"https:\/\/shasheem-cosmetics.de\/es\/wp-json\/wp\/v2\/media?parent=4486"}],"wp:term":[{"taxonomy":"product_brand","embeddable":true,"href":"https:\/\/shasheem-cosmetics.de\/es\/wp-json\/wp\/v2\/product_brand?post=4486"},{"taxonomy":"product_cat","embeddable":true,"href":"https:\/\/shasheem-cosmetics.de\/es\/wp-json\/wp\/v2\/product_cat?post=4486"},{"taxonomy":"product_tag","embeddable":true,"href":"https:\/\/shasheem-cosmetics.de\/es\/wp-json\/wp\/v2\/product_tag?post=4486"}],"curies":[{"name":"wp","href":"https:\/\/api.w.org\/{rel}","templated":true}]}}