{"id":4487,"date":"2024-03-11T00:03:58","date_gmt":"2024-03-10T23:03:58","guid":{"rendered":"https:\/\/shasheem-cosmetics.de\/?post_type=product&#038;p=4487"},"modified":"2024-12-05T13:43:00","modified_gmt":"2024-12-05T12:43:00","slug":"balance-neck-treatment-lichttherapie-aktive-creme-vibrations-osmose","status":"publish","type":"product","link":"https:\/\/shasheem-cosmetics.de\/es\/balance-neck-treatment-lichttherapie-aktive-creme-vibrations-osmose\/","title":{"rendered":"Balance Neck treatment Lichttherapie | Aktive Creme | Vibrations Osmose"},"content":{"rendered":"<h3><strong>\u00a1Un sistema de tratamiento antibacteriano y de limpieza \u00fanico y altamente eficaz!<\/strong><\/h3>\n<p>Para el tratamiento de zonas faciales espec\u00edficas:\u00a0<strong>para la regi\u00f3n del cuello y escote.<\/strong><\/p>\n<p>Aqu\u00ed el cuidado de la piel se combina con un dispositivo electr\u00f3nico:\u00a0<strong>\u00a1Todo en un producto incre\u00edble!<\/strong><\/p>\n<p>El cierre del frasco funciona como un dispositivo electr\u00f3nico que emite luz LED azul y se combina con una funci\u00f3n de vibraci\u00f3n para tratar las impurezas y el exceso de producci\u00f3n de aceite. El propio recipiente contiene una crema de ingredientes activos con ingredientes especiales que act\u00faan en perfecta sinergia con la luz azul y la funci\u00f3n de vibraci\u00f3n,\u00a0<strong>calmando y tonificando la piel al mismo tiempo.<\/strong><\/p>\n<p><strong>LED AZUL<\/strong><\/p>\n<p>Calma y reafirma la piel.<br \/>\nReduce el exceso de producci\u00f3n de aceite.<br \/>\nMata las bacterias que causan el acn\u00e9 debajo de la piel para prevenir y tratar el acn\u00e9.<br \/>\nReduce erupciones cut\u00e1neas y cicatrices.<\/p>\n<p><strong>MASAJE POR VIBRACI\u00d3N<\/strong><\/p>\n<p>Vibraciones 7000 veces por minuto.<br \/>\nAumenta la absorci\u00f3n de los principios activos.<br \/>\nAcelera la circulaci\u00f3n sangu\u00ednea para un mejor suministro de ox\u00edgeno y nutrientes a las c\u00e9lulas.<br \/>\nAyuda a producir col\u00e1geno y elastina.<br \/>\nReduce l\u00edneas y arrugas.<br \/>\nAyuda con el drenaje linf\u00e1tico.<br \/>\nEfecto limpiador y peeling, eliminaci\u00f3n de dep\u00f3sitos.<\/p>\n<p>&nbsp;<\/p>\n<p><strong>La luz azul act\u00faa en sinergia con los ingredientes activos de la crema, mientras que la funci\u00f3n de vibraci\u00f3n ayuda a que la piel absorba mejor los ingredientes activos. \u00a1Para un efecto notablemente reafirmante y voluminizador de la piel!<\/strong><\/p>","protected":false},"excerpt":{"rendered":"<p><span class=\"st\">Precio en demanda<\/span><\/p>","protected":false},"featured_media":4491,"template":"","meta":[],"product_brand":[],"product_cat":[99,101,104,112,118],"product_tag":[],"class_list":{"0":"post-4487","1":"product","2":"type-product","3":"status-publish","4":"has-post-thumbnail","6":"product_cat-anti-age","7":"product_cat-behandlungssets","8":"product_cat-empfindliche-haut","9":"product_cat-neo-lumo-collection","10":"product_cat-unreine-haut","12":"first","13":"instock","14":"taxable","15":"shipping-taxable","16":"product-type-simple"},"_links":{"self":[{"href":"https:\/\/shasheem-cosmetics.de\/es\/wp-json\/wp\/v2\/product\/4487","targetHints":{"allow":["GET"]}}],"collection":[{"href":"https:\/\/shasheem-cosmetics.de\/es\/wp-json\/wp\/v2\/product"}],"about":[{"href":"https:\/\/shasheem-cosmetics.de\/es\/wp-json\/wp\/v2\/types\/product"}],"wp:featuredmedia":[{"embeddable":true,"href":"https:\/\/shasheem-cosmetics.de\/es\/wp-json\/wp\/v2\/media\/4491"}],"wp:attachment":[{"href":"https:\/\/shasheem-cosmetics.de\/es\/wp-json\/wp\/v2\/media?parent=4487"}],"wp:term":[{"taxonomy":"product_brand","embeddable":true,"href":"https:\/\/shasheem-cosmetics.de\/es\/wp-json\/wp\/v2\/product_brand?post=4487"},{"taxonomy":"product_cat","embeddable":true,"href":"https:\/\/shasheem-cosmetics.de\/es\/wp-json\/wp\/v2\/product_cat?post=4487"},{"taxonomy":"product_tag","embeddable":true,"href":"https:\/\/shasheem-cosmetics.de\/es\/wp-json\/wp\/v2\/product_tag?post=4487"}],"curies":[{"name":"wp","href":"https:\/\/api.w.org\/{rel}","templated":true}]}}