{"id":4570,"date":"2024-03-11T05:09:20","date_gmt":"2024-03-11T04:09:20","guid":{"rendered":"https:\/\/shasheem-cosmetics.de\/?post_type=product&#038;p=4570"},"modified":"2024-12-05T13:40:56","modified_gmt":"2024-12-05T12:40:56","slug":"firming-shea-nut-body-butter-kiwi","status":"publish","type":"product","link":"https:\/\/shasheem-cosmetics.de\/es\/firming-shea-nut-body-butter-kiwi\/","title":{"rendered":"Firming Shea nut body butter kiwi"},"content":{"rendered":"<p><strong>Manteca corporal reafirmante de nuez de karit\u00e9<\/strong><\/p>\n<p>Esta manteca corporal de lujo re\u00fane lo mejor de la naturaleza y la ciencia para respaldar una salud \u00f3ptima de la piel. La rica combinaci\u00f3n de manteca de karit\u00e9, manzanilla y vitamina E hidrata y nutre profundamente la piel con una hidrataci\u00f3n esencial, as\u00ed como combatientes de los radicales libres que mantienen el cutis con un aspecto juvenil. De r\u00e1pida absorci\u00f3n, la manteca corporal restaura instant\u00e1neamente el brillo de la piel al hidratarla, suavizar las l\u00edneas finas y reducir el aspecto de la piel arrugada. Tambi\u00e9n ayuda a tratar y prevenir afecciones de la piel al apoyar la barrera protectora natural y protegerse de las bacterias da\u00f1inas.<\/p>\n<p><strong>ANTIEDAD<br \/>\n<\/strong>F\u00f3rmula natural avanzada que act\u00faa para suavizar y reducir las l\u00edneas finas<\/p>\n<p><strong>NUTRICI\u00d3N PROFUNDA<br \/>\n<\/strong><strong>Vitamina E<\/strong>\u00a0combate los radicales libres, ayudando a prevenir y tratar afecciones de la piel.<\/p>\n<p><strong>ALIVIA Y CALMA<br \/>\n<\/strong>La\u00a0<strong>Manzanilla<\/strong>\u00a0bot\u00e1nica nutre la piel y promueve un cutis tranquilo.<\/p>\n<p><strong>AUMENTO DE HIDRATACI\u00d3N\u00a0\u00a0\u00a0\u00a0\u00a0\u00a0\u00a0\u00a0\u00a0\u00a0\u00a0\u00a0\u00a0<\/strong>La\u00a0<strong>manteca de karit\u00e9\u00a0<\/strong>hidratante aporta a la piel una hidrataci\u00f3n duradera.<\/p>\n<p><strong>PROTECCI\u00d3N DE LA PIEL\u00a0\u00a0\u00a0\u00a0\u00a0\u00a0\u00a0\u00a0\u00a0\u00a0\u00a0\u00a0\u00a0\u00a0\u00a0<\/strong>La Antioxidante\u00a0<strong>Vitamina E<\/strong>\u00a0calma la inflamaci\u00f3n y protege contra los radicales libres da\u00f1inos.<\/p>","protected":false},"excerpt":{"rendered":"<p><strong style=\"color: #ff9900; font-size: 14px;\">Art\u00edculo de nueva colecci\u00f3n.<\/strong><\/p>","protected":false},"featured_media":4582,"template":"","meta":[],"product_brand":[],"product_cat":[101,104,109,111,136],"product_tag":[],"class_list":{"0":"post-4570","1":"product","2":"type-product","3":"status-publish","4":"has-post-thumbnail","6":"product_cat-behandlungssets","7":"product_cat-empfindliche-haut","8":"product_cat-koerperpflege","9":"product_cat-mineraux-collection","10":"product_cat-obeyyourbody","12":"first","13":"instock","14":"sale","15":"taxable","16":"shipping-taxable","17":"purchasable","18":"product-type-simple"},"_links":{"self":[{"href":"https:\/\/shasheem-cosmetics.de\/es\/wp-json\/wp\/v2\/product\/4570","targetHints":{"allow":["GET"]}}],"collection":[{"href":"https:\/\/shasheem-cosmetics.de\/es\/wp-json\/wp\/v2\/product"}],"about":[{"href":"https:\/\/shasheem-cosmetics.de\/es\/wp-json\/wp\/v2\/types\/product"}],"wp:featuredmedia":[{"embeddable":true,"href":"https:\/\/shasheem-cosmetics.de\/es\/wp-json\/wp\/v2\/media\/4582"}],"wp:attachment":[{"href":"https:\/\/shasheem-cosmetics.de\/es\/wp-json\/wp\/v2\/media?parent=4570"}],"wp:term":[{"taxonomy":"product_brand","embeddable":true,"href":"https:\/\/shasheem-cosmetics.de\/es\/wp-json\/wp\/v2\/product_brand?post=4570"},{"taxonomy":"product_cat","embeddable":true,"href":"https:\/\/shasheem-cosmetics.de\/es\/wp-json\/wp\/v2\/product_cat?post=4570"},{"taxonomy":"product_tag","embeddable":true,"href":"https:\/\/shasheem-cosmetics.de\/es\/wp-json\/wp\/v2\/product_tag?post=4570"}],"curies":[{"name":"wp","href":"https:\/\/api.w.org\/{rel}","templated":true}]}}