{"id":4588,"date":"2024-03-11T05:32:44","date_gmt":"2024-03-11T04:32:44","guid":{"rendered":"https:\/\/shasheem-cosmetics.de\/?post_type=product&#038;p=4588"},"modified":"2024-05-06T21:35:57","modified_gmt":"2024-05-06T19:35:57","slug":"intensive-hand-body-lotion-kiwi","status":"publish","type":"product","link":"https:\/\/shasheem-cosmetics.de\/es\/intensive-hand-body-lotion-kiwi\/","title":{"rendered":"LOCI\u00d3N INTENSIVA PARA MANOS Y CUERPO KIWI"},"content":{"rendered":"<p><span class=\"tlid-translation translation\" lang=\"de\"><span class=\"\" title=\"\">La loci\u00f3n rica e hidratante garantiza una curaci\u00f3n intensiva .<\/span>.<\/span><\/p>\n<p><span class=\"tlid-translation translation\" lang=\"de\"><span class=\"\" title=\"\">Los mejores ingredientes para el cuidado activo de la piel que la naturaleza tiene para ofrecer.<\/span><\/span><\/p>\n<p><span class=\"tlid-translation translation\" lang=\"de\"><span class=\"\" title=\"\">Restaura el equilibrio natural de la humedad con aceites de borraja y aceites de onagra .<\/span>.<\/span><\/p>\n<p><span class=\"tlid-translation translation\" lang=\"de\"><span class=\"\" title=\"\">Combate el da\u00f1o prematuro de la piel con vitamina E y extracto de algas.<\/span><\/span><\/p>\n<p><span class=\"tlid-translation translation\" lang=\"de\"><span class=\"\" title=\"\">Reduce l\u00edneas, arrugas y manchas de la edad con aloe vera.<\/span><\/span><\/p>\n<p><span class=\"tlid-translation translation\" lang=\"de\">La sal del Mar Muerto<span title=\"\">\u00a0proporciona minerales importantes para la nutrici\u00f3n adecuada de las c\u00e9lulas de la piel.<\/span><\/span><\/p>\n<p><span class=\"tlid-translation translation\" lang=\"de\"><span title=\"\">ACTIVO CONTRA EL ENVEJECIMIENTO EFECTOS DEL ESTR\u00c9S Y EL CLIMA<\/span><\/span><\/p>\n<p><strong><span class=\"tlid-translation translation\" lang=\"de\"><span class=\"\" title=\"\">Solicitud:<\/span><\/span><\/strong><\/p>\n<p><span class=\"tlid-translation translation\" lang=\"de\"><span class=\"\" title=\"\">Aplicar despu\u00e9s del ba\u00f1o o la ducha o utilizar en cualquier momento para una r\u00e1pida protecci\u00f3n de la piel.<\/span><\/span><\/p>\n<p>Para obtener mejores resultados, recomendamos combinarlo con<span class=\"tlid-translation translation\" lang=\"de\"><span class=\"\" title=\"\"><strong>\u00a0Exfoliante Corporal Calmante ObeyYourBody MINERAUX<\/strong><\/span><\/span><\/p>\n<p><strong><span title=\"\">Advertencias:<\/span><\/strong><\/p>\n<p><span class=\"tlid-translation translation\" lang=\"de\"><span title=\"\">Evitar contacto visual.<\/span>\u00a0<span title=\"\">En caso de contacto, enjuague abundantemente con agua.<\/span><\/span><\/p>","protected":false},"excerpt":{"rendered":"<p><strong style=\"color: #ff9900; font-size: 14px;\">Art\u00edculo de nueva colecci\u00f3n.<\/strong><\/p>","protected":false},"featured_media":4595,"template":"","meta":[],"product_brand":[],"product_cat":[99,104,109,111,136],"product_tag":[],"class_list":{"0":"post-4588","1":"product","2":"type-product","3":"status-publish","4":"has-post-thumbnail","6":"product_cat-anti-age","7":"product_cat-empfindliche-haut","8":"product_cat-koerperpflege","9":"product_cat-mineraux-collection","10":"product_cat-obeyyourbody","12":"first","13":"instock","14":"taxable","15":"shipping-taxable","16":"purchasable","17":"product-type-simple"},"_links":{"self":[{"href":"https:\/\/shasheem-cosmetics.de\/es\/wp-json\/wp\/v2\/product\/4588","targetHints":{"allow":["GET"]}}],"collection":[{"href":"https:\/\/shasheem-cosmetics.de\/es\/wp-json\/wp\/v2\/product"}],"about":[{"href":"https:\/\/shasheem-cosmetics.de\/es\/wp-json\/wp\/v2\/types\/product"}],"wp:featuredmedia":[{"embeddable":true,"href":"https:\/\/shasheem-cosmetics.de\/es\/wp-json\/wp\/v2\/media\/4595"}],"wp:attachment":[{"href":"https:\/\/shasheem-cosmetics.de\/es\/wp-json\/wp\/v2\/media?parent=4588"}],"wp:term":[{"taxonomy":"product_brand","embeddable":true,"href":"https:\/\/shasheem-cosmetics.de\/es\/wp-json\/wp\/v2\/product_brand?post=4588"},{"taxonomy":"product_cat","embeddable":true,"href":"https:\/\/shasheem-cosmetics.de\/es\/wp-json\/wp\/v2\/product_cat?post=4588"},{"taxonomy":"product_tag","embeddable":true,"href":"https:\/\/shasheem-cosmetics.de\/es\/wp-json\/wp\/v2\/product_tag?post=4588"}],"curies":[{"name":"wp","href":"https:\/\/api.w.org\/{rel}","templated":true}]}}