{"id":4591,"date":"2024-03-11T05:41:46","date_gmt":"2024-03-11T04:41:46","guid":{"rendered":"https:\/\/shasheem-cosmetics.de\/?post_type=product&#038;p=4591"},"modified":"2024-12-05T13:32:23","modified_gmt":"2024-12-05T12:32:23","slug":"mineral-cleansing-gel","status":"publish","type":"product","link":"https:\/\/shasheem-cosmetics.de\/es\/mineral-cleansing-gel\/","title":{"rendered":"Mineral Cleansing Gel"},"content":{"rendered":"<p><strong>Mant\u00e9nla limpia y equilibrada.<\/strong>Si tiene acn\u00e9 o c\u00e9lulas muertas en la piel, no tiene de qu\u00e9 preocuparse, porque nuestro producto de limpieza de lodo mineral est\u00e1 aqu\u00ed para solucionar su problema de forma permanente. El producto contiene una infusi\u00f3n mineral con numerosas propiedades curativas para una piel sana y nutrida. Tambi\u00e9n es rico en muchos aceites bot\u00e1nicos y extractos de plantas naturales que act\u00faan como antioxidantes y como limpiador facial. Con sus minerales de barro del Mar Muerto, este mejor limpiador facial calma suavemente la piel, elimina las impurezas del maquillaje y limpia y embellece el rostro de forma natural. El limpiador deja la piel bien hidratada, fresca, equilibrada y sin imperfecciones.<\/p>\n<p>Precauci\u00f3n: Evite el contacto con los ojos. Si el producto entra en contacto con los ojos, enju\u00e1guelos con agua tibia. En caso de irritaci\u00f3n, suspender su uso. Mantener fuera del alcance de los ni\u00f1os.<\/p>","protected":false},"excerpt":{"rendered":"<p><span class=\"st\"><strong style=\"color: #ff9900; font-size: 14px;\">Art\u00edculo de nueva colecci\u00f3n.<\/strong><br \/>\nPrecio de venta recomendado: 60,00 euros<\/span><\/p>","protected":false},"featured_media":4597,"template":"","meta":[],"product_brand":[],"product_cat":[104,106,111,115,118],"product_tag":[],"class_list":{"0":"post-4591","1":"product","2":"type-product","3":"status-publish","4":"has-post-thumbnail","6":"product_cat-empfindliche-haut","7":"product_cat-gesichtspflege","8":"product_cat-mineraux-collection","9":"product_cat-reinigung","10":"product_cat-unreine-haut","12":"first","13":"instock","14":"taxable","15":"shipping-taxable","16":"purchasable","17":"product-type-simple"},"_links":{"self":[{"href":"https:\/\/shasheem-cosmetics.de\/es\/wp-json\/wp\/v2\/product\/4591","targetHints":{"allow":["GET"]}}],"collection":[{"href":"https:\/\/shasheem-cosmetics.de\/es\/wp-json\/wp\/v2\/product"}],"about":[{"href":"https:\/\/shasheem-cosmetics.de\/es\/wp-json\/wp\/v2\/types\/product"}],"wp:featuredmedia":[{"embeddable":true,"href":"https:\/\/shasheem-cosmetics.de\/es\/wp-json\/wp\/v2\/media\/4597"}],"wp:attachment":[{"href":"https:\/\/shasheem-cosmetics.de\/es\/wp-json\/wp\/v2\/media?parent=4591"}],"wp:term":[{"taxonomy":"product_brand","embeddable":true,"href":"https:\/\/shasheem-cosmetics.de\/es\/wp-json\/wp\/v2\/product_brand?post=4591"},{"taxonomy":"product_cat","embeddable":true,"href":"https:\/\/shasheem-cosmetics.de\/es\/wp-json\/wp\/v2\/product_cat?post=4591"},{"taxonomy":"product_tag","embeddable":true,"href":"https:\/\/shasheem-cosmetics.de\/es\/wp-json\/wp\/v2\/product_tag?post=4591"}],"curies":[{"name":"wp","href":"https:\/\/api.w.org\/{rel}","templated":true}]}}