{"id":4600,"date":"2024-03-11T06:03:16","date_gmt":"2024-03-11T05:03:16","guid":{"rendered":"https:\/\/shasheem-cosmetics.de\/?post_type=product&#038;p=4600"},"modified":"2024-12-05T13:31:57","modified_gmt":"2024-12-05T12:31:57","slug":"purifying-gel-peel","status":"publish","type":"product","link":"https:\/\/shasheem-cosmetics.de\/es\/purifying-gel-peel\/","title":{"rendered":"Peeling en gel purificante"},"content":{"rendered":"<p>Elimina impurezas y limpia los poros.<\/p>\n<p>Esta poderosa f\u00f3rmula en gel funciona con enzimas naturales para disolver los residuos de la superficie, destapar los poros y brindar a la piel una experiencia de limpieza verdaderamente profunda utilizando ingredientes exfoliantes e hidratantes naturales que incluyen vitamina C, aloe vera y manzanilla.<\/p>\n<p>Exfolia e hidrata suavemente<\/p>\n<p>Los p\u00e9ptidos de acci\u00f3n m\u00faltiple no abrasivos eliminan las c\u00e9lulas muertas para revelar un cutis m\u00e1s suave y fresco al tiempo que aceleran el proceso de renovaci\u00f3n natural. La piel est\u00e1 bien nutrida con minerales y antioxidantes esenciales para restaurar la luminosidad y neutralizar el estr\u00e9s.<\/p>\n<p>Promueve el brillo y la s\u00edntesis de col\u00e1geno.<\/p>\n<p>La vitamina C radiante favorece el tono uniforme de la piel e ilumina las manchas oscuras, al tiempo que promueve la s\u00edntesis de col\u00e1geno para mejorar la firmeza y el tono a largo plazo. El aloe vera y la manzanilla calman y calman la piel y brindan el cuidado ideal sin inflamaci\u00f3n.<\/p>","protected":false},"excerpt":{"rendered":"<p><strong style=\"color: #ff9900; font-size: 14px;\">Art\u00edculo de nueva colecci\u00f3n.<\/strong><\/p>\n<p><span class=\"st\">Precio de venta recomendado: 120,00 euros<\/span><\/p>","protected":false},"featured_media":4607,"template":"","meta":[],"product_brand":[],"product_cat":[104,106,138,136],"product_tag":[],"class_list":{"0":"post-4600","1":"product","2":"type-product","3":"status-publish","4":"has-post-thumbnail","6":"product_cat-empfindliche-haut","7":"product_cat-gesichtspflege","8":"product_cat-gesichtsreinigungsprodukte","9":"product_cat-obeyyourbody","11":"first","12":"instock","13":"taxable","14":"shipping-taxable","15":"purchasable","16":"product-type-simple"},"_links":{"self":[{"href":"https:\/\/shasheem-cosmetics.de\/es\/wp-json\/wp\/v2\/product\/4600","targetHints":{"allow":["GET"]}}],"collection":[{"href":"https:\/\/shasheem-cosmetics.de\/es\/wp-json\/wp\/v2\/product"}],"about":[{"href":"https:\/\/shasheem-cosmetics.de\/es\/wp-json\/wp\/v2\/types\/product"}],"wp:featuredmedia":[{"embeddable":true,"href":"https:\/\/shasheem-cosmetics.de\/es\/wp-json\/wp\/v2\/media\/4607"}],"wp:attachment":[{"href":"https:\/\/shasheem-cosmetics.de\/es\/wp-json\/wp\/v2\/media?parent=4600"}],"wp:term":[{"taxonomy":"product_brand","embeddable":true,"href":"https:\/\/shasheem-cosmetics.de\/es\/wp-json\/wp\/v2\/product_brand?post=4600"},{"taxonomy":"product_cat","embeddable":true,"href":"https:\/\/shasheem-cosmetics.de\/es\/wp-json\/wp\/v2\/product_cat?post=4600"},{"taxonomy":"product_tag","embeddable":true,"href":"https:\/\/shasheem-cosmetics.de\/es\/wp-json\/wp\/v2\/product_tag?post=4600"}],"curies":[{"name":"wp","href":"https:\/\/api.w.org\/{rel}","templated":true}]}}