{"id":4622,"date":"2024-03-14T19:48:02","date_gmt":"2024-03-14T18:48:02","guid":{"rendered":"https:\/\/shasheem-cosmetics.de\/?post_type=product&#038;p=4622"},"modified":"2024-12-05T13:29:37","modified_gmt":"2024-12-05T12:29:37","slug":"dermineck","status":"publish","type":"product","link":"https:\/\/shasheem-cosmetics.de\/es\/dermineck\/","title":{"rendered":"Dermineck"},"content":{"rendered":"<p>Tecnolog\u00eda antienvejecimiento innovadora que combina el masaje de alta velocidad, la terapia de luz y el sistema de calentamiento para revertir los signos de envejecimiento en la delicada zona del cuello. El Dermineck puede utilizarse en la delicada piel del cuello o en la nuca y los hombros.<br \/>\n- El dispositivo funciona a trav\u00e9s de la tecnolog\u00eda de vibraci\u00f3n inteligente para:<br \/>\n- Relajar los m\u00fasculos del cuello<br \/>\n- Relajaci\u00f3n de los m\u00fasculos del cuello.<br \/>\n- Trabaja para eliminar las l\u00edneas de expresi\u00f3n<br \/>\n- Una piel m\u00e1s firme y suave<br \/>\n- Ayuda a aliviar el dolor en el cuello y los hombros<\/p>","protected":false},"excerpt":{"rendered":"<p>El Dermineck, un dispositivo manual \u00fanico para el cuidado de la piel, que utiliza una tecnolog\u00eda antienvejecimiento innovadora, combina el masaje de alta velocidad, la terapia de luz y el sistema de calentamiento para revertir los signos de envejecimiento en la delicada zona del cuello<\/p>\n<ul>\n<li>Relaja los m\u00fasculos del cuello<\/li>\n<li>Se centra en las zonas de piel fl\u00e1cida<\/li>\n<li>Act\u00faa para eliminar las l\u00edneas de expresi\u00f3n<\/li>\n<li>Piel m\u00e1s firme y suave<\/li>\n<li>Ayuda a aliviar el dolor de cuello y hombros<\/li>\n<\/ul>","protected":false},"featured_media":4623,"template":"","meta":[],"product_brand":[],"product_cat":[137],"product_tag":[],"class_list":{"0":"post-4622","1":"product","2":"type-product","3":"status-publish","4":"has-post-thumbnail","6":"product_cat-opatra-london","8":"first","9":"instock","10":"taxable","11":"shipping-taxable","12":"purchasable","13":"product-type-simple"},"_links":{"self":[{"href":"https:\/\/shasheem-cosmetics.de\/es\/wp-json\/wp\/v2\/product\/4622","targetHints":{"allow":["GET"]}}],"collection":[{"href":"https:\/\/shasheem-cosmetics.de\/es\/wp-json\/wp\/v2\/product"}],"about":[{"href":"https:\/\/shasheem-cosmetics.de\/es\/wp-json\/wp\/v2\/types\/product"}],"wp:featuredmedia":[{"embeddable":true,"href":"https:\/\/shasheem-cosmetics.de\/es\/wp-json\/wp\/v2\/media\/4623"}],"wp:attachment":[{"href":"https:\/\/shasheem-cosmetics.de\/es\/wp-json\/wp\/v2\/media?parent=4622"}],"wp:term":[{"taxonomy":"product_brand","embeddable":true,"href":"https:\/\/shasheem-cosmetics.de\/es\/wp-json\/wp\/v2\/product_brand?post=4622"},{"taxonomy":"product_cat","embeddable":true,"href":"https:\/\/shasheem-cosmetics.de\/es\/wp-json\/wp\/v2\/product_cat?post=4622"},{"taxonomy":"product_tag","embeddable":true,"href":"https:\/\/shasheem-cosmetics.de\/es\/wp-json\/wp\/v2\/product_tag?post=4622"}],"curies":[{"name":"wp","href":"https:\/\/api.w.org\/{rel}","templated":true}]}}