{"id":4633,"date":"2024-03-26T04:44:36","date_gmt":"2024-03-26T03:44:36","guid":{"rendered":"https:\/\/shasheem-cosmetics.de\/?post_type=product&#038;p=4633"},"modified":"2024-12-05T13:27:45","modified_gmt":"2024-12-05T12:27:45","slug":"2-synergy-day-cream","status":"publish","type":"product","link":"https:\/\/shasheem-cosmetics.de\/es\/2-synergy-day-cream\/","title":{"rendered":"2 Synergy Day Cream"},"content":{"rendered":"<p><span style=\"font-size: 14pt;\">2 Crema de d\u00eda Synergy<\/span><\/p>\n<p>Esta exclusiva crema de d\u00eda contiene la combinaci\u00f3n din\u00e1mica ideal de ingredientes activos para corregir, proteger y afinar la tez, y est\u00e1 repleta de poder vitam\u00ednico. Cada d\u00eda, la piel est\u00e1 expuesta a numerosas agresiones medioambientales, como la exposici\u00f3n al sol y la contaminaci\u00f3n urbana, que provocan inflamaci\u00f3n, pigmentaci\u00f3n excesiva y envejecimiento prematuro. La combinaci\u00f3n sin\u00e9rgica de vitaminas C y E de uso t\u00f3pico ayuda a proteger la piel y a controlar los da\u00f1os causados por el sol. Esta combinaci\u00f3n tambi\u00e9n proporciona una protecci\u00f3n activa contra los da\u00f1os prolongados, controla y aclara las manchas oscuras, neutraliza los radicales libres y favorece un aspecto m\u00e1s joven.<\/p>\n<p>&nbsp;<\/p>\n<p>PROTECCI\u00d3N SOLAR<br \/>\nEl efecto sin\u00e9rgico de las vitaminas C y E combate el da\u00f1o solar<\/p>\n<p>RENOVACI\u00d3N ACTIVA<br \/>\nEl efecto sin\u00e9rgico de las vitaminas C y E combate las arrugas y los signos del envejecimiento<\/p>\n<p>PROTECCI\u00d3N DE LA PIEL<br \/>\nEl antioxidante vitamina E calma la inflamaci\u00f3n y protege contra los radicales libres da\u00f1inos<\/p>\n<p>AUMENTO DE LA VITALIDAD<br \/>\nLa vitamina C, potenciadora de la luminosidad, unifica el tono de la piel y aclara las manchas oscuras<\/p>\n<p>MAYOR RESISTENCIA<br \/>\nAl estimular la s\u00edntesis de col\u00e1geno, la vitamina C contribuye a un aspecto m\u00e1s firme y terso.<\/p>","protected":false},"excerpt":{"rendered":"<p>Vitamina C + vitamina E<\/p>\n<p>Crema de d\u00eda avanzada para la correcci\u00f3n y el antienvejecimiento de la piel.<br \/>\nF\u00f3rmula vitam\u00ednica din\u00e1mica y sin\u00e9rgica que combate simult\u00e1neamente la inflamaci\u00f3n y mejora la luminosidad interior de la piel.<br \/>\nF\u00f3rmula vitam\u00ednica din\u00e1mica y sin\u00e9rgica que combate simult\u00e1neamente la inflamaci\u00f3n y mejora la luminosidad interior de la piel.<br \/>\nLa vitamina C iluminadora favorece la s\u00edntesis de col\u00e1geno y exfolia suavemente la piel apagada y da\u00f1ada para que el cutis aparezca m\u00e1s claro y joven.<br \/>\nLa vitamina E antioxidante act\u00faa r\u00e1pidamente contra las manchas oscuras y la inflamaci\u00f3n y garantiza una piel calmada y un cutis uniforme.<br \/>\nDisfrute de protecci\u00f3n durante todo el d\u00eda y de un aspecto radiante y fresco, hora tras hora.<\/p>","protected":false},"featured_media":4635,"template":"","meta":[],"product_brand":[],"product_cat":[112],"product_tag":[],"class_list":{"0":"post-4633","1":"product","2":"type-product","3":"status-publish","4":"has-post-thumbnail","6":"product_cat-neo-lumo-collection","8":"first","9":"instock","10":"taxable","11":"shipping-taxable","12":"product-type-simple"},"_links":{"self":[{"href":"https:\/\/shasheem-cosmetics.de\/es\/wp-json\/wp\/v2\/product\/4633","targetHints":{"allow":["GET"]}}],"collection":[{"href":"https:\/\/shasheem-cosmetics.de\/es\/wp-json\/wp\/v2\/product"}],"about":[{"href":"https:\/\/shasheem-cosmetics.de\/es\/wp-json\/wp\/v2\/types\/product"}],"wp:featuredmedia":[{"embeddable":true,"href":"https:\/\/shasheem-cosmetics.de\/es\/wp-json\/wp\/v2\/media\/4635"}],"wp:attachment":[{"href":"https:\/\/shasheem-cosmetics.de\/es\/wp-json\/wp\/v2\/media?parent=4633"}],"wp:term":[{"taxonomy":"product_brand","embeddable":true,"href":"https:\/\/shasheem-cosmetics.de\/es\/wp-json\/wp\/v2\/product_brand?post=4633"},{"taxonomy":"product_cat","embeddable":true,"href":"https:\/\/shasheem-cosmetics.de\/es\/wp-json\/wp\/v2\/product_cat?post=4633"},{"taxonomy":"product_tag","embeddable":true,"href":"https:\/\/shasheem-cosmetics.de\/es\/wp-json\/wp\/v2\/product_tag?post=4633"}],"curies":[{"name":"wp","href":"https:\/\/api.w.org\/{rel}","templated":true}]}}