{"id":4643,"date":"2024-03-27T15:19:19","date_gmt":"2024-03-27T14:19:19","guid":{"rendered":"https:\/\/shasheem-cosmetics.de\/?post_type=product&#038;p=4643"},"modified":"2024-12-05T13:22:14","modified_gmt":"2024-12-05T12:22:14","slug":"synergy-eye-cream","status":"publish","type":"product","link":"https:\/\/shasheem-cosmetics.de\/es\/synergy-eye-cream\/","title":{"rendered":"Synergy Eye Ccream"},"content":{"rendered":"<p><span style=\"font-size: 18pt;\">3 Sinergia Augencreme<\/span><\/p>\n<p>Enriquecida con p\u00e9ptidos especiales, esta crema intensiva ayuda a combatir la sequedad y estimula la renovaci\u00f3n de la sensible zona del contorno de ojos. Las l\u00edneas de expresi\u00f3n, las ojeras y las bolsas se reducen visiblemente. La vitamina C combate los da\u00f1os causados por el sol, que pueden notarse especialmente en el contorno de los ojos, y proporciona una potente protecci\u00f3n antioxidante al tiempo que favorece la uniformidad del tono de la piel. Exclusivamente formulado con \u00e1cido hialur\u00f3nico para una m\u00e1xima hidrataci\u00f3n y col\u00e1geno antiarrugas para una barrera cut\u00e1nea m\u00e1s firme, la piel luce notablemente m\u00e1s firme y fresca.<\/p>\n<p>\u00a0<\/p>\n<p>REJUVENECIMIENTO CUT\u00c1NEO<br \/>\nEl Col\u00e1geno Esencial fortalece y alisa la piel y retrasa el proceso de envejecimiento.<\/p>\n<p>PROTECCI\u00d3N SOLAR<br \/>\nLa vitamina C combate el da\u00f1o solar<\/p>\n<p>HIDRATACI\u00d3N INTENSIVA<br \/>\nEl \u00e1cido hialur\u00f3nico ultrahidratante mejora la firmeza y elasticidad de la piel<\/p>\n<p>TONO DE PIEL UNIFORME<br \/>\nLa exfoliaci\u00f3n suave con vitamina C favorece la uniformidad del tono de la piel y revela su belleza natural<\/p>\n<p>ELASTICIDAD Y HUMEDAD<br \/>\nEl col\u00e1geno aumenta la elasticidad y la hidrataci\u00f3n<\/p>","protected":false},"excerpt":{"rendered":"<p><span style=\"color: #ff0000;\"><strong>Articulo no disponible EN LINEA<\/strong><\/span><br \/>\n<span style=\"color: #ff0000;\"><strong>Solo se puede comprar por tel\u00e9fono o correo<\/strong><\/span><\/p>\n<p>-La soluci\u00f3n perfecta contra las bolsas, arrugas y ojeras.<br \/>\n-Ultima f\u00f3rmula sin\u00e9rgica de 3 v\u00edas con activos \u00f3ptimos para regenerar y revitalizar la piel: col\u00e1geno, vitamina C y \u00e1cido hialur\u00f3nico.<br \/>\n-La vitamina C ayuda a proteger la piel de los da\u00f1os causados por el sol.<br \/>\n-El col\u00e1geno y el \u00e1cido hialur\u00f3nico hidratan la piel en profundidad, reafirmando y rellenando suavemente el contorno de los ojos y d\u00e1ndole un aspecto m\u00e1s joven.<br \/>\n-La vitamina C favorece un tono de piel uniforme y aclara las manchas oscuras al mismo tiempo.<br \/>\n-Rejuvenece todo tu aspecto con esta f\u00f3rmula que te aporta m\u00e1s frescor.<\/p>","protected":false},"featured_media":4646,"template":"","meta":[],"product_brand":[],"product_cat":[112],"product_tag":[],"class_list":{"0":"post-4643","1":"product","2":"type-product","3":"status-publish","4":"has-post-thumbnail","6":"product_cat-neo-lumo-collection","8":"first","9":"instock","10":"taxable","11":"shipping-taxable","12":"product-type-simple"},"_links":{"self":[{"href":"https:\/\/shasheem-cosmetics.de\/es\/wp-json\/wp\/v2\/product\/4643","targetHints":{"allow":["GET"]}}],"collection":[{"href":"https:\/\/shasheem-cosmetics.de\/es\/wp-json\/wp\/v2\/product"}],"about":[{"href":"https:\/\/shasheem-cosmetics.de\/es\/wp-json\/wp\/v2\/types\/product"}],"wp:featuredmedia":[{"embeddable":true,"href":"https:\/\/shasheem-cosmetics.de\/es\/wp-json\/wp\/v2\/media\/4646"}],"wp:attachment":[{"href":"https:\/\/shasheem-cosmetics.de\/es\/wp-json\/wp\/v2\/media?parent=4643"}],"wp:term":[{"taxonomy":"product_brand","embeddable":true,"href":"https:\/\/shasheem-cosmetics.de\/es\/wp-json\/wp\/v2\/product_brand?post=4643"},{"taxonomy":"product_cat","embeddable":true,"href":"https:\/\/shasheem-cosmetics.de\/es\/wp-json\/wp\/v2\/product_cat?post=4643"},{"taxonomy":"product_tag","embeddable":true,"href":"https:\/\/shasheem-cosmetics.de\/es\/wp-json\/wp\/v2\/product_tag?post=4643"}],"curies":[{"name":"wp","href":"https:\/\/api.w.org\/{rel}","templated":true}]}}