{"id":4645,"date":"2024-03-27T15:28:41","date_gmt":"2024-03-27T14:28:41","guid":{"rendered":"https:\/\/shasheem-cosmetics.de\/?post_type=product&#038;p=4645"},"modified":"2024-12-05T13:21:23","modified_gmt":"2024-12-05T12:21:23","slug":"synergy-night-cream","status":"publish","type":"product","link":"https:\/\/shasheem-cosmetics.de\/es\/synergy-night-cream\/","title":{"rendered":"Synergy Night Cream"},"content":{"rendered":"<p><span style=\"font-size: 18pt;\">4 Crema de noche Synergy<\/span><\/p>\n<p>Obtenga los beneficios de una verdadera fuente de energ\u00eda antiedad con la f\u00f3rmula sin\u00e9rgica cu\u00e1druple definitiva. Optimizada para el cuidado y la reparaci\u00f3n durante la noche, esta avanzada crema de noche se basa en una combinaci\u00f3n ideal de 4 ingredientes activos: Col\u00e1geno, Vitamina C, \u00c1cido Hialur\u00f3nico y Vitamina E. Eficaces por separado y a\u00fan m\u00e1s potentes juntos, estos ingredientes hidratan y reparan la piel desde el interior reduciendo las arrugas, estimulando la renovaci\u00f3n celular natural y protegi\u00e9ndola de las agresiones medioambientales. Un cuidado revitalizante completo mientras duerme.<\/p>\n<p>&nbsp;<\/p>\n<p>REJUVENECIMIENTO CUT\u00c1NEO<br \/>\nEl Col\u00e1geno Esencial refuerza y alisa la piel y retrasa el proceso de envejecimiento<\/p>\n<p>HIDRATACI\u00d3N INTENSIVA<br \/>\nEl \u00e1cido hialur\u00f3nico ultrahidratante mejora la firmeza y elasticidad de la piel<\/p>\n<p>TONO DE PIEL UNIFORME<br \/>\nLa exfoliaci\u00f3n suave con vitamina C favorece la uniformidad del tono de la piel y revela su belleza natural<\/p>\n<p>PODEROSO ANTIOXIDANTE<br \/>\nLa vitamina E antiinflamatoria calma la piel y act\u00faa r\u00e1pidamente contra los radicales libres<\/p>","protected":false},"excerpt":{"rendered":"<p><span style=\"color: #ff0000;\"><strong>Articulo no disponible EN LINEA<\/strong><\/span><br \/>\n<span style=\"color: #ff0000;\"><strong>Solo se puede comprar por tel\u00e9fono o correo<\/strong><\/span><\/p>\n<p>*La crema de cuidado y reparaci\u00f3n ideal para la noche.<br \/>\n*\u00daltima f\u00f3rmula cu\u00e1druple sin\u00e9rgica con activos \u00f3ptimos para la regeneraci\u00f3n y revitalizaci\u00f3n de la piel: col\u00e1geno, vitamina C, \u00e1cido hialur\u00f3nico y vitamina E.<br \/>\n*El col\u00e1geno y el \u00e1cido hialur\u00f3nico aportan a la piel nueva fuerza, hidrataci\u00f3n y firmeza, minimizan la aparici\u00f3n de arrugas y garantizan un aspecto m\u00e1s liso y terso.<br \/>\n*Las vitaminas antioxidantes C y E tienen un efecto antiinflamatorio y combaten la inflamaci\u00f3n y los signos del envejecimiento cut\u00e1neo.<br \/>\n*Despierta con una piel fresca, hidratada y de aspecto joven.<\/p>","protected":false},"featured_media":4649,"template":"","meta":[],"product_brand":[],"product_cat":[112],"product_tag":[],"class_list":{"0":"post-4645","1":"product","2":"type-product","3":"status-publish","4":"has-post-thumbnail","6":"product_cat-neo-lumo-collection","8":"first","9":"instock","10":"taxable","11":"shipping-taxable","12":"product-type-simple"},"_links":{"self":[{"href":"https:\/\/shasheem-cosmetics.de\/es\/wp-json\/wp\/v2\/product\/4645","targetHints":{"allow":["GET"]}}],"collection":[{"href":"https:\/\/shasheem-cosmetics.de\/es\/wp-json\/wp\/v2\/product"}],"about":[{"href":"https:\/\/shasheem-cosmetics.de\/es\/wp-json\/wp\/v2\/types\/product"}],"wp:featuredmedia":[{"embeddable":true,"href":"https:\/\/shasheem-cosmetics.de\/es\/wp-json\/wp\/v2\/media\/4649"}],"wp:attachment":[{"href":"https:\/\/shasheem-cosmetics.de\/es\/wp-json\/wp\/v2\/media?parent=4645"}],"wp:term":[{"taxonomy":"product_brand","embeddable":true,"href":"https:\/\/shasheem-cosmetics.de\/es\/wp-json\/wp\/v2\/product_brand?post=4645"},{"taxonomy":"product_cat","embeddable":true,"href":"https:\/\/shasheem-cosmetics.de\/es\/wp-json\/wp\/v2\/product_cat?post=4645"},{"taxonomy":"product_tag","embeddable":true,"href":"https:\/\/shasheem-cosmetics.de\/es\/wp-json\/wp\/v2\/product_tag?post=4645"}],"curies":[{"name":"wp","href":"https:\/\/api.w.org\/{rel}","templated":true}]}}