{"id":4651,"date":"2024-03-27T15:36:35","date_gmt":"2024-03-27T14:36:35","guid":{"rendered":"https:\/\/shasheem-cosmetics.de\/?post_type=product&#038;p=4651"},"modified":"2024-12-05T13:20:59","modified_gmt":"2024-12-05T12:20:59","slug":"synergy-face-serum","status":"publish","type":"product","link":"https:\/\/shasheem-cosmetics.de\/es\/synergy-face-serum\/","title":{"rendered":"Synergy Face Serum"},"content":{"rendered":"<p><span style=\"font-size: 18pt;\">4-Synergy Gesichtsserum<\/span><\/p>\n<p>Erleben Sie die ultimative Hautpflegesynergie mit einem gezielten Gesichtsserum, das Ihrer Haut zu einer vollst\u00e4ndigen Transformation verhilft. Die optimale Formel aus 4 Wirkstoffen \u2013 Kollagen, Vitamin C, Hyalurons\u00e4ure und Vitamin E \u2013 sorgt f\u00fcr einen strahlenden, revitalisierten Teint, l\u00e4sst dunkle Flecken verblassen und mildert F\u00e4ltchen. Die synergistische Kombination der aktuellen Vitamine C und E wirkt gegen Sonnensch\u00e4den. Aufbauend auf den individuellen hautverbessernden Eigenschaften der einzelnen Inhaltsstoffe bietet diese exklusive Formel eine umfassende L\u00f6sung, die daf\u00fcr sorgt, dass die Haut straffer, st\u00e4rker und jugendlicher denn je erscheint.<\/p>\n<p>REJUVENECIMIENTO CUT\u00c1NEO<br \/>\nEl Col\u00e1geno Esencial refuerza y alisa la piel y retrasa el proceso de envejecimiento<\/p>\n<p>PROTECCI\u00d3N SOLAR<br \/>\nEl efecto sin\u00e9rgico de las vitaminas C y E combate el da\u00f1o solar<\/p>\n<p>HIDRATACI\u00d3N INTENSIVA<br \/>\nEl \u00e1cido hialur\u00f3nico ultrahidratante mejora la firmeza y elasticidad de la piel<\/p>\n<p>TONO DE PIEL UNIFORME<br \/>\nLa vitamina E antiinflamatoria calma la piel y act\u00faa r\u00e1pidamente contra los radicales libres<\/p>","protected":false},"excerpt":{"rendered":"<p><strong><span style=\"color: #ff0000;\">Articulo no disponible EN LINEA<\/span><\/strong><br \/>\n<strong><span style=\"color: #ff0000;\">Solo se puede comprar por tel\u00e9fono o correo<\/span><\/strong><\/p>\n<p>Vitamina C + vitamina E + HA + col\u00e1geno<\/p>\n<p>-Transforme su piel apagada y sin brillo con este suero facial espec\u00edfico.<br \/>\n-F\u00f3rmula sin\u00e9rgica cu\u00e1druple con activos \u00f3ptimos para regenerar y revitalizar la piel: col\u00e1geno, vitamina C, \u00e1cido hialur\u00f3nico y vitamina E.<br \/>\nLas vitaminas C y E iluminadoras proporcionan una tez revitalizada, reducen las manchas oscuras, las arrugas y las l\u00edneas de expresi\u00f3n y, al mismo tiempo, protegen contra los signos del fotoenvejecimiento.<br \/>\n-El col\u00e1geno y el \u00e1cido hialur\u00f3nico neutralizan y reparan los da\u00f1os causados por el entorno urbano, hidratan la piel y reafirman el cutis.<br \/>\n-La piel gana firmeza y resistencia r\u00e1pidamente tras la primera aplicaci\u00f3n.<\/p>","protected":false},"featured_media":4654,"template":"","meta":[],"product_brand":[],"product_cat":[112],"product_tag":[],"class_list":{"0":"post-4651","1":"product","2":"type-product","3":"status-publish","4":"has-post-thumbnail","6":"product_cat-neo-lumo-collection","8":"first","9":"instock","10":"taxable","11":"shipping-taxable","12":"product-type-simple"},"_links":{"self":[{"href":"https:\/\/shasheem-cosmetics.de\/es\/wp-json\/wp\/v2\/product\/4651","targetHints":{"allow":["GET"]}}],"collection":[{"href":"https:\/\/shasheem-cosmetics.de\/es\/wp-json\/wp\/v2\/product"}],"about":[{"href":"https:\/\/shasheem-cosmetics.de\/es\/wp-json\/wp\/v2\/types\/product"}],"wp:featuredmedia":[{"embeddable":true,"href":"https:\/\/shasheem-cosmetics.de\/es\/wp-json\/wp\/v2\/media\/4654"}],"wp:attachment":[{"href":"https:\/\/shasheem-cosmetics.de\/es\/wp-json\/wp\/v2\/media?parent=4651"}],"wp:term":[{"taxonomy":"product_brand","embeddable":true,"href":"https:\/\/shasheem-cosmetics.de\/es\/wp-json\/wp\/v2\/product_brand?post=4651"},{"taxonomy":"product_cat","embeddable":true,"href":"https:\/\/shasheem-cosmetics.de\/es\/wp-json\/wp\/v2\/product_cat?post=4651"},{"taxonomy":"product_tag","embeddable":true,"href":"https:\/\/shasheem-cosmetics.de\/es\/wp-json\/wp\/v2\/product_tag?post=4651"}],"curies":[{"name":"wp","href":"https:\/\/api.w.org\/{rel}","templated":true}]}}