{"id":4666,"date":"2024-05-08T16:46:39","date_gmt":"2024-05-08T14:46:39","guid":{"rendered":"https:\/\/shasheem-cosmetics.de\/?post_type=product&#038;p=4666"},"modified":"2024-05-08T16:47:25","modified_gmt":"2024-05-08T14:47:25","slug":"natural-glow-nail-kit-kiwi-neolumo","status":"publish","type":"product","link":"https:\/\/shasheem-cosmetics.de\/es\/natural-glow-nail-kit-kiwi-neolumo\/","title":{"rendered":"Kit de u\u00f1as Natural Glow kiwi NeoLumo"},"content":{"rendered":"<p><em><strong>Kit de u\u00f1as con brillo natural<\/strong><\/em><\/p>\n<p>Aporta a tus u\u00f1as un brillo natural y saludable duradero<\/p>\n<p>&nbsp;<\/p>\n<p><strong>El popular set para el cuidado de las u\u00f1as compuesto por:<\/strong><\/p>\n<p>Un pulidor de 4 lados de alta calidad para u\u00f1as naturalmente brillantes<\/p>\n<p>Un rodillo de aceite para cut\u00edculas enriquecido con s\u00edlice y zinc<\/p>\n<p>Una lima de u\u00f1as<\/p>\n<p>Loci\u00f3n para las manos y cuerpo<\/p>\n<p><strong><span class=\"tlid-translation translation\" lang=\"de\"><span class=\"\" title=\"\">Instrucciones de aplicaci\u00f3n:<\/span><br \/>\n<span class=\"\" title=\"\">Utilice los elementos del kit de u\u00f1as Natural Glow incluidos en el siguiente orden:<\/span><\/span><\/strong><\/p>\n<p><span class=\"tlid-translation translation\" lang=\"de\"><span class=\"\" title=\"\"><strong>Lima de u\u00f1as :<\/strong>\u00a0da forma a tus u\u00f1as con las flechas para u\u00f1as incluidas<\/span><\/span><\/p>\n<p><span class=\"tlid-translation translation\" lang=\"de\"><span class=\"\" title=\"\"><strong>Pulidor de u\u00f1as<\/strong>\u00a0comenzando con el Paso 1\u00a0<strong>Schritt 1<\/strong>\u00a0(el lado blanco angosto), pula la parte superior de cada u\u00f1a en ambas direcciones durante 5 a 10 segundos para eliminar crestas e imperfecciones.<\/span><\/span><\/p>\n<p><span class=\"tlid-translation translation\" lang=\"de\"><span class=\"\" title=\"\">Luego use\u00a0<strong>el Paso 2<\/strong>\u00a0(el lado gris ancho) para pulir la parte superior de cada u\u00f1a en ambas direcciones durante 10 a 15 segundos para estimular el crecimiento.<\/span><\/span><\/p>\n<p><span class=\"tlid-translation translation\" lang=\"de\"><span title=\"\">Termine usando\u00a0<strong>el Paso 3<\/strong>\u00a0(el lado blanco ancho) para pulir la parte superior de cada u\u00f1a en ambas direcciones durante 5 a 10 segundos para restaurar el brillo natural de sus dedos (repita cada dos semanas).<\/span><\/span><\/p>\n<p><span class=\"tlid-translation translation\" lang=\"de\"><span title=\"\"><strong>Suero de aceite para cut\u00edculas<\/strong>\u00a0: aplique el suero nutritivo de aceite para cut\u00edculas directamente en el lecho ungueal.<\/span>\u00a0<span title=\"\">Espere de 3 a 5 minutos.<\/span><\/span><\/p>\n<p><span class=\"tlid-translation translation\" lang=\"de\"><span title=\"\"><strong>Loci\u00f3n Intensiva para Manos y Cuerpo<\/strong>\u00a0: Complete el tratamiento aplicando Loci\u00f3n Intensiva para Manos y Cuerpo en las<\/span><\/span><\/p>\n<p>Para obtener mejores resultados, recomendamos combinarlo con\u00a0<span class=\"tlid-translation translation\" lang=\"de\"><span title=\"\"><strong>Exfoliante Corporal Calmante MINERAUX<\/strong><\/span><\/span><\/p>","protected":false},"excerpt":{"rendered":"<p>Natural Glow Nail Kit Verleiht Ihren N\u00e4gel einen langanhaltigen nat\u00fcrlichen und gesunden Glanz &nbsp; Das sehr begehrte Nagelpflege-Set bestehend aus: einem hochwertigen, 4-seitigen Buffer f\u00fcr nat\u00fcrlich gl\u00e4nzende N\u00e4gel einem Nagelhaut\u00f6l Roller, mit Kieselerde und Zink angereichert einer Nagelfeile Hand-und K\u00f6rperlotion Anwendungsanleitung: Verwenden Sie die mitgelieferten Artikel des Natural Glow Nail [&hellip;]<\/p>\n","protected":false},"featured_media":4667,"template":"","meta":[],"product_brand":[],"product_cat":[111,99,101,104,109,112],"product_tag":[],"class_list":{"0":"post-4666","1":"product","2":"type-product","3":"status-publish","4":"has-post-thumbnail","6":"product_cat-mineraux-collection","7":"product_cat-anti-age","8":"product_cat-behandlungssets","9":"product_cat-empfindliche-haut","10":"product_cat-koerperpflege","11":"product_cat-neo-lumo-collection","13":"first","14":"instock","15":"sale","16":"taxable","17":"shipping-taxable","18":"purchasable","19":"product-type-simple"},"_links":{"self":[{"href":"https:\/\/shasheem-cosmetics.de\/es\/wp-json\/wp\/v2\/product\/4666","targetHints":{"allow":["GET"]}}],"collection":[{"href":"https:\/\/shasheem-cosmetics.de\/es\/wp-json\/wp\/v2\/product"}],"about":[{"href":"https:\/\/shasheem-cosmetics.de\/es\/wp-json\/wp\/v2\/types\/product"}],"wp:featuredmedia":[{"embeddable":true,"href":"https:\/\/shasheem-cosmetics.de\/es\/wp-json\/wp\/v2\/media\/4667"}],"wp:attachment":[{"href":"https:\/\/shasheem-cosmetics.de\/es\/wp-json\/wp\/v2\/media?parent=4666"}],"wp:term":[{"taxonomy":"product_brand","embeddable":true,"href":"https:\/\/shasheem-cosmetics.de\/es\/wp-json\/wp\/v2\/product_brand?post=4666"},{"taxonomy":"product_cat","embeddable":true,"href":"https:\/\/shasheem-cosmetics.de\/es\/wp-json\/wp\/v2\/product_cat?post=4666"},{"taxonomy":"product_tag","embeddable":true,"href":"https:\/\/shasheem-cosmetics.de\/es\/wp-json\/wp\/v2\/product_tag?post=4666"}],"curies":[{"name":"wp","href":"https:\/\/api.w.org\/{rel}","templated":true}]}}